{"id":6042,"date":"2023-12-26T15:53:49","date_gmt":"2023-12-26T14:53:49","guid":{"rendered":"https:\/\/trail.wwwarcelona.net\/notre-histoire\/"},"modified":"2025-01-14T09:34:23","modified_gmt":"2025-01-14T08:34:23","slug":"notre-histoire","status":"publish","type":"page","link":"https:\/\/trail.wwwarcelona.net\/fr\/notre-histoire\/","title":{"rendered":"Notre Histoire"},"content":{"rendered":"\t\t<div data-elementor-type=\"wp-page\" data-elementor-id=\"6042\" class=\"elementor elementor-6042 elementor-6035\" data-elementor-post-type=\"page\">\n\t\t\t\t<div class=\"elementor-element elementor-element-085bc8b e-flex e-con-boxed e-con e-parent\" data-id=\"085bc8b\" data-element_type=\"container\">\n\t\t\t\t\t<div class=\"e-con-inner\">\n\t\t\t\t<div class=\"elementor-element elementor-element-6b4a1f6 elementor-widget elementor-widget-heading\" data-id=\"6b4a1f6\" data-element_type=\"widget\" data-widget_type=\"heading.default\">\n\t\t\t\t<div class=\"elementor-widget-container\">\n\t\t\t\t\t<h1 class=\"elementor-heading-title elementor-size-default\">Notre Histoire<\/h1>\t\t\t\t<\/div>\n\t\t\t\t<\/div>\n\t\t\t\t<div class=\"elementor-element elementor-element-11d2bfc elementor-widget elementor-widget-text-editor\" data-id=\"11d2bfc\" data-element_type=\"widget\" data-widget_type=\"text-editor.default\">\n\t\t\t\t<div class=\"elementor-widget-container\">\n\t\t\t\t\t\t\t\t\t<p>TrailRunAdvisor est n\u00e9 d&#8217;une id\u00e9e simple mais puissante : cr\u00e9er une plateforme compl\u00e8te pour les passionn\u00e9s de trail \u00e0 la recherche d&#8217;avis et de critiques de courses dans le monde entier. Nous sommes une \u00e9quipe de trois coureurs de trail exp\u00e9riment\u00e9s bas\u00e9s en France, unis par notre passion commune pour le trail running. Pour nous, le trail running est plus qu&#8217;un sport &#8211; c&#8217;est un mode de vie, une source d&#8217;aventure et une communaut\u00e9 que nous ch\u00e9rissons profond\u00e9ment.  <\/p>\n<p><br><\/p>\n<p>L&#8217;id\u00e9e de TrailRunAdvisor est n\u00e9e de notre propre exp\u00e9rience. \u00c0 plusieurs reprises, nous nous sommes retrouv\u00e9s \u00e0 nous inscrire \u00e0 des courses sans en conna\u00eetre les d\u00e9tails essentiels : Quel est le niveau technique du parcours ? \u00c0 quels d\u00e9fis devons-nous nous attendre ? Quelle est la logistique ? Nous avons r\u00e9alis\u00e9 que le fait d&#8217;avoir plus d&#8217;informations sur une course \u00e0 l&#8217;avance serait b\u00e9n\u00e9fique non seulement pour nous, mais aussi pour l&#8217;ensemble de la communaut\u00e9 du trail running.    <o:p><\/o:p><\/p>\n<p><br><\/p>\t\t\t\t\t\t\t\t<\/div>\n\t\t\t\t<\/div>\n\t\t\t\t\t<\/div>\n\t\t\t\t<\/div>\n\t\t<div class=\"elementor-element elementor-element-bab2128 e-flex e-con-boxed e-con e-parent\" data-id=\"bab2128\" data-element_type=\"container\">\n\t\t\t\t\t<div class=\"e-con-inner\">\n\t\t<div class=\"elementor-element elementor-element-446750d e-con-full e-flex e-con e-child\" data-id=\"446750d\" data-element_type=\"container\">\n\t\t\t\t<div class=\"elementor-element elementor-element-ab1a930 elementor-widget elementor-widget-heading\" data-id=\"ab1a930\" data-element_type=\"widget\" data-widget_type=\"heading.default\">\n\t\t\t\t<div class=\"elementor-widget-container\">\n\t\t\t\t\t<h3 class=\"elementor-heading-title elementor-size-default\">Ce Qui Nous D\u00e9marque<\/h3>\t\t\t\t<\/div>\n\t\t\t\t<\/div>\n\t\t\t\t<div class=\"elementor-element elementor-element-26da63b elementor-widget elementor-widget-text-editor\" data-id=\"26da63b\" data-element_type=\"widget\" data-widget_type=\"text-editor.default\">\n\t\t\t\t<div class=\"elementor-widget-container\">\n\t\t\t\t\t\t\t\t\t<ul>\n<li><span style=\"color: #00a97a;\"><strong>Des commentaires authentiques :<\/strong><\/span> Nos commentaires sont r\u00e9dig\u00e9s par des coureurs de trail, pour des coureurs de trail. Nous croyons au pouvoir des exp\u00e9riences authentiques, et nos commentaires refl\u00e8tent les d\u00e9fis r\u00e9els, les triomphes et les aspects uniques de chaque course.\n<\/li>\n<li><span style=\"color: #00a97a;\"><strong>Perspective globale :<\/strong><\/span> Que vous soyez un coureur de trail chevronn\u00e9 ou un d\u00e9butant \u00e0 la recherche de la course id\u00e9ale, nous vous couvrons. Notre \u00e9quipe couvre le monde entier et vous fournit des informations sur les courses de trail dans les montagnes enneig\u00e9es, les for\u00eats luxuriantes et les mers turquoises, et tout ce qui se trouve entre les deux, dans le monde entier.\n<\/li>\n<li><span style=\"color: #00a97a;\"><strong>Informations compl\u00e8tes :<\/strong><\/span> TrailRunAdvisor a pour objectif d&#8217;\u00eatre votre r\u00e9f\u00e9rence lorsque vous recherchez une course de trail running. Des d\u00e9tails du parcours aux t\u00e9moignages des participants, nous fournissons des informations compl\u00e8tes pour vous aider \u00e0 faire des choix \u00e9clair\u00e9s. <\/li>\n<\/ul>\n\t\t\t\t\t\t\t\t<\/div>\n\t\t\t\t<\/div>\n\t\t\t\t<\/div>\n\t\t<div class=\"elementor-element elementor-element-93f85c3 e-con-full e-flex e-con e-child\" data-id=\"93f85c3\" data-element_type=\"container\">\n\t\t\t\t<div class=\"elementor-element elementor-element-7e7f879 elementor-widget elementor-widget-image\" data-id=\"7e7f879\" data-element_type=\"widget\" data-widget_type=\"image.default\">\n\t\t\t\t<div class=\"elementor-widget-container\">\n\t\t\t\t\t\t\t\t\t\t\t\t\t\t\t<img fetchpriority=\"high\" decoding=\"async\" width=\"316\" height=\"230\" src=\"https:\/\/trail.wwwarcelona.net\/wp-content\/uploads\/2023\/12\/trailrunadvisor-default-race.png\" class=\"attachment-full size-full wp-image-210\" alt=\"\" srcset=\"https:\/\/trail.wwwarcelona.net\/wp-content\/uploads\/2023\/12\/trailrunadvisor-default-race.png 316w, https:\/\/trail.wwwarcelona.net\/wp-content\/uploads\/2023\/12\/trailrunadvisor-default-race-300x218.png 300w\" sizes=\"(max-width: 316px) 100vw, 316px\" \/>\t\t\t\t\t\t\t\t\t\t\t\t\t\t\t<\/div>\n\t\t\t\t<\/div>\n\t\t\t\t<\/div>\n\t\t\t\t\t<\/div>\n\t\t\t\t<\/div>\n\t\t<div class=\"elementor-element elementor-element-8c013cd e-flex e-con-boxed e-con e-parent\" data-id=\"8c013cd\" data-element_type=\"container\">\n\t\t\t\t\t<div class=\"e-con-inner\">\n\t\t\t\t<div class=\"elementor-element elementor-element-2871ac7 elementor-widget elementor-widget-heading\" data-id=\"2871ac7\" data-element_type=\"widget\" data-widget_type=\"heading.default\">\n\t\t\t\t<div class=\"elementor-widget-container\">\n\t\t\t\t\t<h3 class=\"elementor-heading-title elementor-size-default\">Notre Mission<\/h3>\t\t\t\t<\/div>\n\t\t\t\t<\/div>\n\t\t\t\t<div class=\"elementor-element elementor-element-8e5d825 elementor-widget elementor-widget-text-editor\" data-id=\"8e5d825\" data-element_type=\"widget\" data-widget_type=\"text-editor.default\">\n\t\t\t\t<div class=\"elementor-widget-container\">\n\t\t\t\t\t\t\t\t\t<p>Chez TrailRunAdvisor notre mission est d&#8217;inspirer, informer et connecter les coureurs de trail du monde entier. Notre ambition est d&#8217;\u00eatre le guide ultime pour ceux qui recherchent des exp\u00e9riences inoubliables de trail, en favorisant une communaut\u00e9 qui c\u00e9l\u00e8bre l&#8217;esprit d&#8217;aventure et la joie du trail. <\/p>\n\t\t\t\t\t\t\t\t<\/div>\n\t\t\t\t<\/div>\n\t\t\t\t\t<\/div>\n\t\t\t\t<\/div>\n\t\t<div class=\"elementor-element elementor-element-a2a68ae e-flex e-con-boxed e-con e-parent\" data-id=\"a2a68ae\" data-element_type=\"container\">\n\t\t\t\t\t<div class=\"e-con-inner\">\n\t\t\t\t<div class=\"elementor-element elementor-element-ddc7774 elementor-widget elementor-widget-heading\" data-id=\"ddc7774\" data-element_type=\"widget\" data-widget_type=\"heading.default\">\n\t\t\t\t<div class=\"elementor-widget-container\">\n\t\t\t\t\t<h3 class=\"elementor-heading-title elementor-size-default\">Rejoignez-Nous<\/h3>\t\t\t\t<\/div>\n\t\t\t\t<\/div>\n\t\t\t\t<div class=\"elementor-element elementor-element-4e6b2a6 elementor-widget elementor-widget-text-editor\" data-id=\"4e6b2a6\" data-element_type=\"widget\" data-widget_type=\"text-editor.default\">\n\t\t\t\t<div class=\"elementor-widget-container\">\n\t\t\t\t\t\t\t\t\t<p>Que vous soyez un v\u00e9t\u00e9ran du trail ou que vous chaussiez vos baskets pour la premi\u00e8re fois, TrailRunAdvisor vous invite \u00e0 nous rejoindre dans cette aventure. Explorez nos commentaires, partagez vos propres histoires de trail et faites partie d&#8217;une communaut\u00e9 qui vit et respire l&#8217;essence du trail running. N&#8217;h\u00e9sitez pas \u00e0 nous contacter pour nous faire part de vos commentaires et de vos id\u00e9es &#8211; vous \u00eates toujours les bienvenus !  <\/p>\n\t\t\t\t\t\t\t\t<\/div>\n\t\t\t\t<\/div>\n\t\t\t\t\t<\/div>\n\t\t\t\t<\/div>\n\t\t<div class=\"elementor-element elementor-element-f2fdaac e-flex e-con-boxed e-con e-parent\" data-id=\"f2fdaac\" data-element_type=\"container\" data-settings=\"{&quot;background_background&quot;:&quot;classic&quot;}\">\n\t\t\t\t\t<div class=\"e-con-inner\">\n\t\t\t\t<div class=\"elementor-element elementor-element-cd25d58 elementor-widget elementor-widget-heading\" data-id=\"cd25d58\" data-element_type=\"widget\" data-widget_type=\"heading.default\">\n\t\t\t\t<div class=\"elementor-widget-container\">\n\t\t\t\t\t<span class=\"elementor-heading-title elementor-size-default\">Merci de faire partie de notre famille amoureuse du trail !<\/span>\t\t\t\t<\/div>\n\t\t\t\t<\/div>\n\t\t\t\t\t<\/div>\n\t\t\t\t<\/div>\n\t\t\t\t<\/div>\n\t\t","protected":false},"excerpt":{"rendered":"<p>Notre Histoire TrailRunAdvisor est n\u00e9 d&#8217;une id\u00e9e simple mais puissante : cr\u00e9er une plateforme compl\u00e8te pour les passionn\u00e9s de trail \u00e0 la recherche d&#8217;avis et de critiques de courses dans le monde entier. Nous sommes une \u00e9quipe de trois coureurs de trail exp\u00e9riment\u00e9s bas\u00e9s en France, unis par notre passion commune pour le trail running. [&hellip;]<\/p>\n","protected":false},"author":1,"featured_media":0,"parent":0,"menu_order":0,"comment_status":"closed","ping_status":"closed","template":"","meta":{"_acf_changed":false,"footnotes":""},"class_list":["post-6042","page","type-page","status-publish","hentry"],"acf":[],"yoast_head":"<!-- This site is optimized with the Yoast SEO plugin v24.5 - https:\/\/yoast.com\/wordpress\/plugins\/seo\/ -->\n<title>Notre Histoire - Trail Run Advisor<\/title>\n<meta name=\"description\" content=\"TrailRunAdvisor est n\u00e9 d&#039;une id\u00e9e simple : cr\u00e9er une plateforme pour les passionn\u00e9s de trail \u00e0 la recherche d&#039;avis et de critiques de courses dans le monde entier.\" \/>\n<meta name=\"robots\" content=\"noindex, follow, max-snippet:-1, max-image-preview:large, max-video-preview:-1\" \/>\n<meta property=\"og:locale\" content=\"fr_FR\" \/>\n<meta property=\"og:type\" content=\"article\" \/>\n<meta property=\"og:title\" content=\"Notre Histoire - Trail Run Advisor\" \/>\n<meta property=\"og:description\" content=\"TrailRunAdvisor est n\u00e9 d&#039;une id\u00e9e simple : cr\u00e9er une plateforme pour les passionn\u00e9s de trail \u00e0 la recherche d&#039;avis et de critiques de courses dans le monde entier.\" \/>\n<meta property=\"og:url\" content=\"https:\/\/trail.wwwarcelona.net\/fr\/notre-histoire\/\" \/>\n<meta property=\"og:site_name\" content=\"Trail Run Advisor\" \/>\n<meta property=\"article:publisher\" content=\"https:\/\/www.facebook.com\/profile.php?id=61554747731790&amp;mibextid=9R9pXO\" \/>\n<meta property=\"article:modified_time\" content=\"2025-01-14T08:34:23+00:00\" \/>\n<meta property=\"og:image\" content=\"https:\/\/trail.wwwarcelona.net\/wp-content\/uploads\/2023\/12\/trailrunadvisor-default-race.png\" \/>\n<meta name=\"twitter:card\" content=\"summary_large_image\" \/>\n<meta name=\"twitter:label1\" content=\"Dur\u00e9e de lecture estim\u00e9e\" \/>\n\t<meta name=\"twitter:data1\" content=\"2 minutes\" \/>\n<script type=\"application\/ld+json\" class=\"yoast-schema-graph\">{\"@context\":\"https:\/\/schema.org\",\"@graph\":[{\"@type\":\"WebPage\",\"@id\":\"https:\/\/trail.wwwarcelona.net\/fr\/notre-histoire\/\",\"url\":\"https:\/\/trail.wwwarcelona.net\/fr\/notre-histoire\/\",\"name\":\"Notre Histoire - Trail Run Advisor\",\"isPartOf\":{\"@id\":\"https:\/\/trail.wwwarcelona.net\/fr\/#website\"},\"primaryImageOfPage\":{\"@id\":\"https:\/\/trail.wwwarcelona.net\/fr\/notre-histoire\/#primaryimage\"},\"image\":{\"@id\":\"https:\/\/trail.wwwarcelona.net\/fr\/notre-histoire\/#primaryimage\"},\"thumbnailUrl\":\"https:\/\/trail.wwwarcelona.net\/wp-content\/uploads\/2023\/12\/trailrunadvisor-default-race.png\",\"datePublished\":\"2023-12-26T14:53:49+00:00\",\"dateModified\":\"2025-01-14T08:34:23+00:00\",\"description\":\"TrailRunAdvisor est n\u00e9 d'une id\u00e9e simple : cr\u00e9er une plateforme pour les passionn\u00e9s de trail \u00e0 la recherche d'avis et de critiques de courses dans le monde entier.\",\"breadcrumb\":{\"@id\":\"https:\/\/trail.wwwarcelona.net\/fr\/notre-histoire\/#breadcrumb\"},\"inLanguage\":\"fr-FR\",\"potentialAction\":[{\"@type\":\"ReadAction\",\"target\":[\"https:\/\/trail.wwwarcelona.net\/fr\/notre-histoire\/\"]}]},{\"@type\":\"ImageObject\",\"inLanguage\":\"fr-FR\",\"@id\":\"https:\/\/trail.wwwarcelona.net\/fr\/notre-histoire\/#primaryimage\",\"url\":\"https:\/\/trail.wwwarcelona.net\/wp-content\/uploads\/2023\/12\/trailrunadvisor-default-race.png\",\"contentUrl\":\"https:\/\/trail.wwwarcelona.net\/wp-content\/uploads\/2023\/12\/trailrunadvisor-default-race.png\"},{\"@type\":\"BreadcrumbList\",\"@id\":\"https:\/\/trail.wwwarcelona.net\/fr\/notre-histoire\/#breadcrumb\",\"itemListElement\":[{\"@type\":\"ListItem\",\"position\":1,\"name\":\"Home\",\"item\":\"https:\/\/trail.wwwarcelona.net\/fr\/\"},{\"@type\":\"ListItem\",\"position\":2,\"name\":\"Notre Histoire\"}]},{\"@type\":\"WebSite\",\"@id\":\"https:\/\/trail.wwwarcelona.net\/fr\/#website\",\"url\":\"https:\/\/trail.wwwarcelona.net\/fr\/\",\"name\":\"Trail Run Advisor\",\"description\":\"\",\"publisher\":{\"@id\":\"https:\/\/trail.wwwarcelona.net\/fr\/#organization\"},\"potentialAction\":[{\"@type\":\"SearchAction\",\"target\":{\"@type\":\"EntryPoint\",\"urlTemplate\":\"https:\/\/trail.wwwarcelona.net\/fr\/?s={search_term_string}\"},\"query-input\":{\"@type\":\"PropertyValueSpecification\",\"valueRequired\":true,\"valueName\":\"search_term_string\"}}],\"inLanguage\":\"fr-FR\"},{\"@type\":\"Organization\",\"@id\":\"https:\/\/trail.wwwarcelona.net\/fr\/#organization\",\"name\":\"Trail Run Advisor\",\"url\":\"https:\/\/trail.wwwarcelona.net\/fr\/\",\"logo\":{\"@type\":\"ImageObject\",\"inLanguage\":\"fr-FR\",\"@id\":\"https:\/\/trail.wwwarcelona.net\/fr\/#\/schema\/logo\/image\/\",\"url\":\"https:\/\/trail.wwwarcelona.net\/wp-content\/uploads\/2023\/12\/logo-trailrunadvisor.png\",\"contentUrl\":\"https:\/\/trail.wwwarcelona.net\/wp-content\/uploads\/2023\/12\/logo-trailrunadvisor.png\",\"width\":613,\"height\":80,\"caption\":\"Trail Run Advisor\"},\"image\":{\"@id\":\"https:\/\/trail.wwwarcelona.net\/fr\/#\/schema\/logo\/image\/\"},\"sameAs\":[\"https:\/\/www.facebook.com\/profile.php?id=61554747731790&mibextid=9R9pXO\",\"https:\/\/www.instagram.com\/trailrunadvisor\/\"]}]}<\/script>\n<!-- \/ Yoast SEO plugin. -->","yoast_head_json":{"title":"Notre Histoire - Trail Run Advisor","description":"TrailRunAdvisor est n\u00e9 d'une id\u00e9e simple : cr\u00e9er une plateforme pour les passionn\u00e9s de trail \u00e0 la recherche d'avis et de critiques de courses dans le monde entier.","robots":{"index":"noindex","follow":"follow","max-snippet":"max-snippet:-1","max-image-preview":"max-image-preview:large","max-video-preview":"max-video-preview:-1"},"og_locale":"fr_FR","og_type":"article","og_title":"Notre Histoire - Trail Run Advisor","og_description":"TrailRunAdvisor est n\u00e9 d'une id\u00e9e simple : cr\u00e9er une plateforme pour les passionn\u00e9s de trail \u00e0 la recherche d'avis et de critiques de courses dans le monde entier.","og_url":"https:\/\/trail.wwwarcelona.net\/fr\/notre-histoire\/","og_site_name":"Trail Run Advisor","article_publisher":"https:\/\/www.facebook.com\/profile.php?id=61554747731790&mibextid=9R9pXO","article_modified_time":"2025-01-14T08:34:23+00:00","og_image":[{"url":"https:\/\/trail.wwwarcelona.net\/wp-content\/uploads\/2023\/12\/trailrunadvisor-default-race.png","type":"","width":"","height":""}],"twitter_card":"summary_large_image","twitter_misc":{"Dur\u00e9e de lecture estim\u00e9e":"2 minutes"},"schema":{"@context":"https:\/\/schema.org","@graph":[{"@type":"WebPage","@id":"https:\/\/trail.wwwarcelona.net\/fr\/notre-histoire\/","url":"https:\/\/trail.wwwarcelona.net\/fr\/notre-histoire\/","name":"Notre Histoire - Trail Run Advisor","isPartOf":{"@id":"https:\/\/trail.wwwarcelona.net\/fr\/#website"},"primaryImageOfPage":{"@id":"https:\/\/trail.wwwarcelona.net\/fr\/notre-histoire\/#primaryimage"},"image":{"@id":"https:\/\/trail.wwwarcelona.net\/fr\/notre-histoire\/#primaryimage"},"thumbnailUrl":"https:\/\/trail.wwwarcelona.net\/wp-content\/uploads\/2023\/12\/trailrunadvisor-default-race.png","datePublished":"2023-12-26T14:53:49+00:00","dateModified":"2025-01-14T08:34:23+00:00","description":"TrailRunAdvisor est n\u00e9 d'une id\u00e9e simple : cr\u00e9er une plateforme pour les passionn\u00e9s de trail \u00e0 la recherche d'avis et de critiques de courses dans le monde entier.","breadcrumb":{"@id":"https:\/\/trail.wwwarcelona.net\/fr\/notre-histoire\/#breadcrumb"},"inLanguage":"fr-FR","potentialAction":[{"@type":"ReadAction","target":["https:\/\/trail.wwwarcelona.net\/fr\/notre-histoire\/"]}]},{"@type":"ImageObject","inLanguage":"fr-FR","@id":"https:\/\/trail.wwwarcelona.net\/fr\/notre-histoire\/#primaryimage","url":"https:\/\/trail.wwwarcelona.net\/wp-content\/uploads\/2023\/12\/trailrunadvisor-default-race.png","contentUrl":"https:\/\/trail.wwwarcelona.net\/wp-content\/uploads\/2023\/12\/trailrunadvisor-default-race.png"},{"@type":"BreadcrumbList","@id":"https:\/\/trail.wwwarcelona.net\/fr\/notre-histoire\/#breadcrumb","itemListElement":[{"@type":"ListItem","position":1,"name":"Home","item":"https:\/\/trail.wwwarcelona.net\/fr\/"},{"@type":"ListItem","position":2,"name":"Notre Histoire"}]},{"@type":"WebSite","@id":"https:\/\/trail.wwwarcelona.net\/fr\/#website","url":"https:\/\/trail.wwwarcelona.net\/fr\/","name":"Trail Run Advisor","description":"","publisher":{"@id":"https:\/\/trail.wwwarcelona.net\/fr\/#organization"},"potentialAction":[{"@type":"SearchAction","target":{"@type":"EntryPoint","urlTemplate":"https:\/\/trail.wwwarcelona.net\/fr\/?s={search_term_string}"},"query-input":{"@type":"PropertyValueSpecification","valueRequired":true,"valueName":"search_term_string"}}],"inLanguage":"fr-FR"},{"@type":"Organization","@id":"https:\/\/trail.wwwarcelona.net\/fr\/#organization","name":"Trail Run Advisor","url":"https:\/\/trail.wwwarcelona.net\/fr\/","logo":{"@type":"ImageObject","inLanguage":"fr-FR","@id":"https:\/\/trail.wwwarcelona.net\/fr\/#\/schema\/logo\/image\/","url":"https:\/\/trail.wwwarcelona.net\/wp-content\/uploads\/2023\/12\/logo-trailrunadvisor.png","contentUrl":"https:\/\/trail.wwwarcelona.net\/wp-content\/uploads\/2023\/12\/logo-trailrunadvisor.png","width":613,"height":80,"caption":"Trail Run Advisor"},"image":{"@id":"https:\/\/trail.wwwarcelona.net\/fr\/#\/schema\/logo\/image\/"},"sameAs":["https:\/\/www.facebook.com\/profile.php?id=61554747731790&mibextid=9R9pXO","https:\/\/www.instagram.com\/trailrunadvisor\/"]}]}},"_links":{"self":[{"href":"https:\/\/trail.wwwarcelona.net\/fr\/wp-json\/wp\/v2\/pages\/6042","targetHints":{"allow":["GET"]}}],"collection":[{"href":"https:\/\/trail.wwwarcelona.net\/fr\/wp-json\/wp\/v2\/pages"}],"about":[{"href":"https:\/\/trail.wwwarcelona.net\/fr\/wp-json\/wp\/v2\/types\/page"}],"author":[{"embeddable":true,"href":"https:\/\/trail.wwwarcelona.net\/fr\/wp-json\/wp\/v2\/users\/1"}],"replies":[{"embeddable":true,"href":"https:\/\/trail.wwwarcelona.net\/fr\/wp-json\/wp\/v2\/comments?post=6042"}],"version-history":[{"count":10,"href":"https:\/\/trail.wwwarcelona.net\/fr\/wp-json\/wp\/v2\/pages\/6042\/revisions"}],"predecessor-version":[{"id":8978,"href":"https:\/\/trail.wwwarcelona.net\/fr\/wp-json\/wp\/v2\/pages\/6042\/revisions\/8978"}],"wp:attachment":[{"href":"https:\/\/trail.wwwarcelona.net\/fr\/wp-json\/wp\/v2\/media?parent=6042"}],"curies":[{"name":"wp","href":"https:\/\/api.w.org\/{rel}","templated":true}]}}