{"id":5960,"date":"2023-12-21T16:32:35","date_gmt":"2023-12-21T15:32:35","guid":{"rendered":"https:\/\/trail.wwwarcelona.net\/mentions-legales\/"},"modified":"2023-12-29T11:13:47","modified_gmt":"2023-12-29T10:13:47","slug":"mentions-legales","status":"publish","type":"page","link":"https:\/\/trail.wwwarcelona.net\/fr\/mentions-legales\/","title":{"rendered":"Mentions l\u00e9gales"},"content":{"rendered":"\t\t<div data-elementor-type=\"wp-page\" data-elementor-id=\"5960\" class=\"elementor elementor-5960 elementor-5912\" data-elementor-post-type=\"page\">\n\t\t\t\t<div class=\"elementor-element elementor-element-8fe8f1e e-flex e-con-boxed e-con e-parent\" data-id=\"8fe8f1e\" data-element_type=\"container\">\n\t\t\t\t\t<div class=\"e-con-inner\">\n\t\t\t\t<div class=\"elementor-element elementor-element-67c0047 elementor-widget elementor-widget-heading\" data-id=\"67c0047\" data-element_type=\"widget\" data-widget_type=\"heading.default\">\n\t\t\t\t<div class=\"elementor-widget-container\">\n\t\t\t\t\t<h3 class=\"elementor-heading-title elementor-size-default\">R\u00e9alisation technique<\/h3>\t\t\t\t<\/div>\n\t\t\t\t<\/div>\n\t\t\t\t<div class=\"elementor-element elementor-element-66e9803 elementor-widget elementor-widget-text-editor\" data-id=\"66e9803\" data-element_type=\"widget\" data-widget_type=\"text-editor.default\">\n\t\t\t\t<div class=\"elementor-widget-container\">\n\t\t\t\t\t\t\t\t\t<p>COQPIT<\/p>\n<p>5 rue Valentin Hauy,<\/p>\n<p>63000 Clermont-Ferrand<\/p>\n<p>T\u00e9l\u00e9phone : 04 73 38 67 25<\/p>\n<p>Site internet : <a href=\"https:\/\/www.coqpit.fr\/\">www.coqpit.fr<\/a><\/p>\n\t\t\t\t\t\t\t\t<\/div>\n\t\t\t\t<\/div>\n\t\t\t\t\t<\/div>\n\t\t\t\t<\/div>\n\t\t<div class=\"elementor-element elementor-element-4d7d013 e-flex e-con-boxed e-con e-parent\" data-id=\"4d7d013\" data-element_type=\"container\">\n\t\t\t\t\t<div class=\"e-con-inner\">\n\t\t\t\t<div class=\"elementor-element elementor-element-c5a19a7 elementor-widget elementor-widget-heading\" data-id=\"c5a19a7\" data-element_type=\"widget\" data-widget_type=\"heading.default\">\n\t\t\t\t<div class=\"elementor-widget-container\">\n\t\t\t\t\t<h3 class=\"elementor-heading-title elementor-size-default\">H\u00e9bergement<\/h3>\t\t\t\t<\/div>\n\t\t\t\t<\/div>\n\t\t\t\t<div class=\"elementor-element elementor-element-4b06258 elementor-widget elementor-widget-text-editor\" data-id=\"4b06258\" data-element_type=\"widget\" data-widget_type=\"text-editor.default\">\n\t\t\t\t<div class=\"elementor-widget-container\">\n\t\t\t\t\t\t\t\t\t<p>SAS SCALEWAY<\/p>\n<p>75366 PARIS CEDEX 08<\/p>\n<p>FRANCE<\/p>\n\t\t\t\t\t\t\t\t<\/div>\n\t\t\t\t<\/div>\n\t\t\t\t\t<\/div>\n\t\t\t\t<\/div>\n\t\t<div class=\"elementor-element elementor-element-e3c26ce e-flex e-con-boxed e-con e-parent\" data-id=\"e3c26ce\" data-element_type=\"container\">\n\t\t\t\t\t<div class=\"e-con-inner\">\n\t\t\t\t<div class=\"elementor-element elementor-element-b62b511 elementor-widget elementor-widget-heading\" data-id=\"b62b511\" data-element_type=\"widget\" data-widget_type=\"heading.default\">\n\t\t\t\t<div class=\"elementor-widget-container\">\n\t\t\t\t\t<h3 class=\"elementor-heading-title elementor-size-default\">Traitement des donn\u00e9es \u00e0 caract\u00e8re personnel<\/h3>\t\t\t\t<\/div>\n\t\t\t\t<\/div>\n\t\t\t\t<div class=\"elementor-element elementor-element-c414152 elementor-widget elementor-widget-text-editor\" data-id=\"c414152\" data-element_type=\"widget\" data-widget_type=\"text-editor.default\">\n\t\t\t\t<div class=\"elementor-widget-container\">\n\t\t\t\t\t\t\t\t\t<p>Les donn\u00e9es personnelles ne sont pas stock\u00e9es par le site. Toutes les donn\u00e9es envoy\u00e9es via les formulaires sont transmises aux diff\u00e9rents organismes qui s&#8217;engagent \u00e0 respecter les donn\u00e9es personnelles et \u00e0 traiter votre demande. Conform\u00e9ment au projet de r\u00e8glement europ\u00e9en sur les donn\u00e9es personnelles, vous pouvez faire une demande via le formulaire de contact pour demander la suppression de vos donn\u00e9es personnelles.  <\/p>\n\t\t\t\t\t\t\t\t<\/div>\n\t\t\t\t<\/div>\n\t\t\t\t\t<\/div>\n\t\t\t\t<\/div>\n\t\t<div class=\"elementor-element elementor-element-4805b76 e-flex e-con-boxed e-con e-parent\" data-id=\"4805b76\" data-element_type=\"container\">\n\t\t\t\t\t<div class=\"e-con-inner\">\n\t\t\t\t<div class=\"elementor-element elementor-element-2affd2b elementor-widget elementor-widget-heading\" data-id=\"2affd2b\" data-element_type=\"widget\" data-widget_type=\"heading.default\">\n\t\t\t\t<div class=\"elementor-widget-container\">\n\t\t\t\t\t<h3 class=\"elementor-heading-title elementor-size-default\">Droits d'auteur<\/h3>\t\t\t\t<\/div>\n\t\t\t\t<\/div>\n\t\t\t\t<div class=\"elementor-element elementor-element-93a085e elementor-widget elementor-widget-text-editor\" data-id=\"93a085e\" data-element_type=\"widget\" data-widget_type=\"text-editor.default\">\n\t\t\t\t<div class=\"elementor-widget-container\">\n\t\t\t\t\t\t\t\t\t<p>Toutes les marques, photographies, textes, commentaires, illustrations, images anim\u00e9es ou non, s\u00e9quences vid\u00e9o, sons, ainsi que toutes les applications informatiques qui pourraient \u00eatre utilis\u00e9es pour faire fonctionner ce site et plus g\u00e9n\u00e9ralement tous les \u00e9l\u00e9ments reproduits ou utilis\u00e9s sur le site sont prot\u00e9g\u00e9s par les lois en vigueur sur la propri\u00e9t\u00e9 intellectuelle. Ils sont la propri\u00e9t\u00e9 pleine et enti\u00e8re de l&#8217;\u00e9diteur ou de ses partenaires. Les reproductions de tout ou partie de ce site sur un support papier ou \u00e9lectronique ne sont autoris\u00e9es que pour un usage personnel et priv\u00e9 conforme aux dispositions du Code de la Propri\u00e9t\u00e9 Intellectuelle.  <\/p>\n<p>Ces reproductions doivent mentionner de fa\u00e7on claire et lisible la source et l&#8217;auteur du site. En aucun cas ces reproductions ne peuvent porter pr\u00e9judice aux auteurs. Les photographies, textes, logos, pictogrammes et toutes \u0153uvres intellectuelles de ce site sont la propri\u00e9t\u00e9 de Trail Run Advisor ou de tiers ayant autoris\u00e9 leur utilisation. Veuillez adresser votre demande via le formulaire de contact pour \u00eatre autoris\u00e9 \u00e0 utiliser le contenu du site.   <\/p>\n\t\t\t\t\t\t\t\t<\/div>\n\t\t\t\t<\/div>\n\t\t\t\t\t<\/div>\n\t\t\t\t<\/div>\n\t\t<div class=\"elementor-element elementor-element-3c948a5 e-flex e-con-boxed e-con e-parent\" data-id=\"3c948a5\" data-element_type=\"container\">\n\t\t\t\t\t<div class=\"e-con-inner\">\n\t\t\t\t<div class=\"elementor-element elementor-element-91eb845 elementor-widget elementor-widget-heading\" data-id=\"91eb845\" data-element_type=\"widget\" data-widget_type=\"heading.default\">\n\t\t\t\t<div class=\"elementor-widget-container\">\n\t\t\t\t\t<h3 class=\"elementor-heading-title elementor-size-default\">Liens vers des sites web de tiers<\/h3>\t\t\t\t<\/div>\n\t\t\t\t<\/div>\n\t\t\t\t<div class=\"elementor-element elementor-element-4de5d9c elementor-widget elementor-widget-text-editor\" data-id=\"4de5d9c\" data-element_type=\"widget\" data-widget_type=\"text-editor.default\">\n\t\t\t\t<div class=\"elementor-widget-container\">\n\t\t\t\t\t\t\t\t\t<p>Des liens hypertextes peuvent appara\u00eetre sur le site web de Trail Run Advisor et conduire \u00e0 d&#8217;autres services ou sites web, y compris des partenaires de Trail Run Advisor. Dans la mesure o\u00f9 Trail Run Advisor ne peut contr\u00f4ler le contenu de ces services ou sites, l&#8217;utilisateur reconna\u00eet que Trail Run Advisor ne peut \u00eatre tenu pour responsable des produits, services, informations disponibles sur et\/ou \u00e0 partir de ces services ou sites. Toute information accessible via un lien vers d&#8217;autres sites n&#8217;est pas sous le contr\u00f4le de Trail Run Advisor qui d\u00e9cline toute responsabilit\u00e9 quant \u00e0 leur contenu. Trail Run Advisor est libre de modifier la liste de ses partenaires \u00e0 tout moment.   <\/p>\n\t\t\t\t\t\t\t\t<\/div>\n\t\t\t\t<\/div>\n\t\t\t\t\t<\/div>\n\t\t\t\t<\/div>\n\t\t<div class=\"elementor-element elementor-element-ac240a4 e-flex e-con-boxed e-con e-parent\" data-id=\"ac240a4\" data-element_type=\"container\">\n\t\t\t\t\t<div class=\"e-con-inner\">\n\t\t\t\t<div class=\"elementor-element elementor-element-ed09250 elementor-widget elementor-widget-heading\" data-id=\"ed09250\" data-element_type=\"widget\" data-widget_type=\"heading.default\">\n\t\t\t\t<div class=\"elementor-widget-container\">\n\t\t\t\t\t<h3 class=\"elementor-heading-title elementor-size-default\">Responsabilit\u00e9s<\/h3>\t\t\t\t<\/div>\n\t\t\t\t<\/div>\n\t\t\t\t<div class=\"elementor-element elementor-element-7cea9c7 elementor-widget elementor-widget-text-editor\" data-id=\"7cea9c7\" data-element_type=\"widget\" data-widget_type=\"text-editor.default\">\n\t\t\t\t<div class=\"elementor-widget-container\">\n\t\t\t\t\t\t\t\t\t<p>Trail Run Advisor ne peut \u00eatre tenu responsable de tout dommage direct ou indirect issu d&#8217;une interruption, d&#8217;un dysfonctionnement quel qu&#8217;il soit, d&#8217;une suspension de l&#8217;acc\u00e8s \u00e0 ces hyperliens, et ce pour quelque raison que ce soit, ou encore de tout dommage direct ou indirect qui r\u00e9sulterait, d&#8217;une fa\u00e7on quelconque, d&#8217;une connexion \u00e0 ceux-ci.<\/p>\n<p>Trail Run Advisor s&#8217;efforce d&#8217;assurer, au mieux de ses possibilit\u00e9s, l&#8217;exactitude et la justesse des informations disponibles sur ce site. Ceci n&#8217;exclut toutefois pas la pr\u00e9sence d&#8217;erreurs typographiques ou d&#8217;autres inexactitudes. Toute erreur ou information incorrecte trouv\u00e9e sur le site ne peut \u00eatre qu&#8217;accidentelle. Trail Run Advisor se r\u00e9serve le droit de modifier ces erreurs \u00e0 tout moment et sans pr\u00e9avis.   <\/p>\n\t\t\t\t\t\t\t\t<\/div>\n\t\t\t\t<\/div>\n\t\t\t\t\t<\/div>\n\t\t\t\t<\/div>\n\t\t<div class=\"elementor-element elementor-element-e056e51 e-flex e-con-boxed e-con e-parent\" data-id=\"e056e51\" data-element_type=\"container\">\n\t\t\t\t\t<div class=\"e-con-inner\">\n\t\t\t\t<div class=\"elementor-element elementor-element-2196c9a elementor-widget elementor-widget-heading\" data-id=\"2196c9a\" data-element_type=\"widget\" data-widget_type=\"heading.default\">\n\t\t\t\t<div class=\"elementor-widget-container\">\n\t\t\t\t\t<h3 class=\"elementor-heading-title elementor-size-default\">\u00c9tablissement de liens entrants<\/h3>\t\t\t\t<\/div>\n\t\t\t\t<\/div>\n\t\t\t\t<div class=\"elementor-element elementor-element-fc4f1a7 elementor-widget elementor-widget-text-editor\" data-id=\"fc4f1a7\" data-element_type=\"widget\" data-widget_type=\"text-editor.default\">\n\t\t\t\t<div class=\"elementor-widget-container\">\n\t\t\t\t\t\t\t\t\t<p>Trail Run Advisor autorise la mise en place d&#8217;un lien hypertexte pour tous les sites, \u00e0 l&#8217;exclusion de ceux diffusant des informations \u00e0 caract\u00e8re pol\u00e9mique, pornographique, x\u00e9nophobe ou pouvant porter atteinte \u00e0 la sensibilit\u00e9 du plus grand nombre. Sauf autorisation sp\u00e9cifique, le lien doit appara\u00eetre dans une nouvelle fen\u00eatre et les pages de ce site ne doivent pas \u00eatre imbriqu\u00e9es \u00e0 l&#8217;int\u00e9rieur des pages d&#8217;un autre site. <\/p>\n\t\t\t\t\t\t\t\t<\/div>\n\t\t\t\t<\/div>\n\t\t\t\t\t<\/div>\n\t\t\t\t<\/div>\n\t\t\t\t<\/div>\n\t\t","protected":false},"excerpt":{"rendered":"<p>R\u00e9alisation technique COQPIT 5 rue Valentin Hauy, 63000 Clermont-Ferrand T\u00e9l\u00e9phone : 04 73 38 67 25 Site internet : www.coqpit.fr H\u00e9bergement SAS SCALEWAY 75366 PARIS CEDEX 08 FRANCE Traitement des donn\u00e9es \u00e0 caract\u00e8re personnel Les donn\u00e9es personnelles ne sont pas stock\u00e9es par le site. Toutes les donn\u00e9es envoy\u00e9es via les formulaires sont transmises aux diff\u00e9rents [&hellip;]<\/p>\n","protected":false},"author":1,"featured_media":0,"parent":0,"menu_order":0,"comment_status":"closed","ping_status":"closed","template":"","meta":{"_acf_changed":false,"footnotes":""},"class_list":["post-5960","page","type-page","status-publish","hentry"],"acf":[],"yoast_head":"<!-- This site is optimized with the Yoast SEO plugin v24.5 - https:\/\/yoast.com\/wordpress\/plugins\/seo\/ -->\n<title>Mentions l\u00e9gales - Trail Run Advisor<\/title>\n<meta name=\"robots\" content=\"noindex, follow, max-snippet:-1, max-image-preview:large, max-video-preview:-1\" \/>\n<meta property=\"og:locale\" content=\"fr_FR\" \/>\n<meta property=\"og:type\" content=\"article\" \/>\n<meta property=\"og:title\" content=\"Mentions l\u00e9gales - Trail Run Advisor\" \/>\n<meta property=\"og:description\" content=\"R\u00e9alisation technique COQPIT 5 rue Valentin Hauy, 63000 Clermont-Ferrand T\u00e9l\u00e9phone : 04 73 38 67 25 Site internet : www.coqpit.fr H\u00e9bergement SAS SCALEWAY 75366 PARIS CEDEX 08 FRANCE Traitement des donn\u00e9es \u00e0 caract\u00e8re personnel Les donn\u00e9es personnelles ne sont pas stock\u00e9es par le site. Toutes les donn\u00e9es envoy\u00e9es via les formulaires sont transmises aux diff\u00e9rents [&hellip;]\" \/>\n<meta property=\"og:url\" content=\"https:\/\/trail.wwwarcelona.net\/fr\/mentions-legales\/\" \/>\n<meta property=\"og:site_name\" content=\"Trail Run Advisor\" \/>\n<meta property=\"article:publisher\" content=\"https:\/\/www.facebook.com\/profile.php?id=61554747731790&amp;mibextid=9R9pXO\" \/>\n<meta property=\"article:modified_time\" content=\"2023-12-29T10:13:47+00:00\" \/>\n<meta property=\"og:image\" content=\"https:\/\/trail.wwwarcelona.net\/wp-content\/uploads\/2023\/12\/logo-trailrunadvisor.png\" \/>\n\t<meta property=\"og:image:width\" content=\"613\" \/>\n\t<meta property=\"og:image:height\" content=\"80\" \/>\n\t<meta property=\"og:image:type\" content=\"image\/png\" \/>\n<meta name=\"twitter:card\" content=\"summary_large_image\" \/>\n<meta name=\"twitter:label1\" content=\"Dur\u00e9e de lecture estim\u00e9e\" \/>\n\t<meta name=\"twitter:data1\" content=\"3 minutes\" \/>\n<script type=\"application\/ld+json\" class=\"yoast-schema-graph\">{\"@context\":\"https:\/\/schema.org\",\"@graph\":[{\"@type\":\"WebPage\",\"@id\":\"https:\/\/trail.wwwarcelona.net\/fr\/mentions-legales\/\",\"url\":\"https:\/\/trail.wwwarcelona.net\/fr\/mentions-legales\/\",\"name\":\"Mentions l\u00e9gales - Trail Run Advisor\",\"isPartOf\":{\"@id\":\"https:\/\/trail.wwwarcelona.net\/fr\/#website\"},\"datePublished\":\"2023-12-21T15:32:35+00:00\",\"dateModified\":\"2023-12-29T10:13:47+00:00\",\"breadcrumb\":{\"@id\":\"https:\/\/trail.wwwarcelona.net\/fr\/mentions-legales\/#breadcrumb\"},\"inLanguage\":\"fr-FR\",\"potentialAction\":[{\"@type\":\"ReadAction\",\"target\":[\"https:\/\/trail.wwwarcelona.net\/fr\/mentions-legales\/\"]}]},{\"@type\":\"BreadcrumbList\",\"@id\":\"https:\/\/trail.wwwarcelona.net\/fr\/mentions-legales\/#breadcrumb\",\"itemListElement\":[{\"@type\":\"ListItem\",\"position\":1,\"name\":\"Home\",\"item\":\"https:\/\/trail.wwwarcelona.net\/fr\/\"},{\"@type\":\"ListItem\",\"position\":2,\"name\":\"Mentions l\u00e9gales\"}]},{\"@type\":\"WebSite\",\"@id\":\"https:\/\/trail.wwwarcelona.net\/fr\/#website\",\"url\":\"https:\/\/trail.wwwarcelona.net\/fr\/\",\"name\":\"Trail Run Advisor\",\"description\":\"\",\"publisher\":{\"@id\":\"https:\/\/trail.wwwarcelona.net\/fr\/#organization\"},\"potentialAction\":[{\"@type\":\"SearchAction\",\"target\":{\"@type\":\"EntryPoint\",\"urlTemplate\":\"https:\/\/trail.wwwarcelona.net\/fr\/?s={search_term_string}\"},\"query-input\":{\"@type\":\"PropertyValueSpecification\",\"valueRequired\":true,\"valueName\":\"search_term_string\"}}],\"inLanguage\":\"fr-FR\"},{\"@type\":\"Organization\",\"@id\":\"https:\/\/trail.wwwarcelona.net\/fr\/#organization\",\"name\":\"Trail Run Advisor\",\"url\":\"https:\/\/trail.wwwarcelona.net\/fr\/\",\"logo\":{\"@type\":\"ImageObject\",\"inLanguage\":\"fr-FR\",\"@id\":\"https:\/\/trail.wwwarcelona.net\/fr\/#\/schema\/logo\/image\/\",\"url\":\"https:\/\/trail.wwwarcelona.net\/wp-content\/uploads\/2023\/12\/logo-trailrunadvisor.png\",\"contentUrl\":\"https:\/\/trail.wwwarcelona.net\/wp-content\/uploads\/2023\/12\/logo-trailrunadvisor.png\",\"width\":613,\"height\":80,\"caption\":\"Trail Run Advisor\"},\"image\":{\"@id\":\"https:\/\/trail.wwwarcelona.net\/fr\/#\/schema\/logo\/image\/\"},\"sameAs\":[\"https:\/\/www.facebook.com\/profile.php?id=61554747731790&mibextid=9R9pXO\",\"https:\/\/www.instagram.com\/trailrunadvisor\/\"]}]}<\/script>\n<!-- \/ Yoast SEO plugin. -->","yoast_head_json":{"title":"Mentions l\u00e9gales - Trail Run Advisor","robots":{"index":"noindex","follow":"follow","max-snippet":"max-snippet:-1","max-image-preview":"max-image-preview:large","max-video-preview":"max-video-preview:-1"},"og_locale":"fr_FR","og_type":"article","og_title":"Mentions l\u00e9gales - Trail Run Advisor","og_description":"R\u00e9alisation technique COQPIT 5 rue Valentin Hauy, 63000 Clermont-Ferrand T\u00e9l\u00e9phone : 04 73 38 67 25 Site internet : www.coqpit.fr H\u00e9bergement SAS SCALEWAY 75366 PARIS CEDEX 08 FRANCE Traitement des donn\u00e9es \u00e0 caract\u00e8re personnel Les donn\u00e9es personnelles ne sont pas stock\u00e9es par le site. Toutes les donn\u00e9es envoy\u00e9es via les formulaires sont transmises aux diff\u00e9rents [&hellip;]","og_url":"https:\/\/trail.wwwarcelona.net\/fr\/mentions-legales\/","og_site_name":"Trail Run Advisor","article_publisher":"https:\/\/www.facebook.com\/profile.php?id=61554747731790&mibextid=9R9pXO","article_modified_time":"2023-12-29T10:13:47+00:00","og_image":[{"width":613,"height":80,"url":"https:\/\/trail.wwwarcelona.net\/wp-content\/uploads\/2023\/12\/logo-trailrunadvisor.png","type":"image\/png"}],"twitter_card":"summary_large_image","twitter_misc":{"Dur\u00e9e de lecture estim\u00e9e":"3 minutes"},"schema":{"@context":"https:\/\/schema.org","@graph":[{"@type":"WebPage","@id":"https:\/\/trail.wwwarcelona.net\/fr\/mentions-legales\/","url":"https:\/\/trail.wwwarcelona.net\/fr\/mentions-legales\/","name":"Mentions l\u00e9gales - Trail Run Advisor","isPartOf":{"@id":"https:\/\/trail.wwwarcelona.net\/fr\/#website"},"datePublished":"2023-12-21T15:32:35+00:00","dateModified":"2023-12-29T10:13:47+00:00","breadcrumb":{"@id":"https:\/\/trail.wwwarcelona.net\/fr\/mentions-legales\/#breadcrumb"},"inLanguage":"fr-FR","potentialAction":[{"@type":"ReadAction","target":["https:\/\/trail.wwwarcelona.net\/fr\/mentions-legales\/"]}]},{"@type":"BreadcrumbList","@id":"https:\/\/trail.wwwarcelona.net\/fr\/mentions-legales\/#breadcrumb","itemListElement":[{"@type":"ListItem","position":1,"name":"Home","item":"https:\/\/trail.wwwarcelona.net\/fr\/"},{"@type":"ListItem","position":2,"name":"Mentions l\u00e9gales"}]},{"@type":"WebSite","@id":"https:\/\/trail.wwwarcelona.net\/fr\/#website","url":"https:\/\/trail.wwwarcelona.net\/fr\/","name":"Trail Run Advisor","description":"","publisher":{"@id":"https:\/\/trail.wwwarcelona.net\/fr\/#organization"},"potentialAction":[{"@type":"SearchAction","target":{"@type":"EntryPoint","urlTemplate":"https:\/\/trail.wwwarcelona.net\/fr\/?s={search_term_string}"},"query-input":{"@type":"PropertyValueSpecification","valueRequired":true,"valueName":"search_term_string"}}],"inLanguage":"fr-FR"},{"@type":"Organization","@id":"https:\/\/trail.wwwarcelona.net\/fr\/#organization","name":"Trail Run Advisor","url":"https:\/\/trail.wwwarcelona.net\/fr\/","logo":{"@type":"ImageObject","inLanguage":"fr-FR","@id":"https:\/\/trail.wwwarcelona.net\/fr\/#\/schema\/logo\/image\/","url":"https:\/\/trail.wwwarcelona.net\/wp-content\/uploads\/2023\/12\/logo-trailrunadvisor.png","contentUrl":"https:\/\/trail.wwwarcelona.net\/wp-content\/uploads\/2023\/12\/logo-trailrunadvisor.png","width":613,"height":80,"caption":"Trail Run Advisor"},"image":{"@id":"https:\/\/trail.wwwarcelona.net\/fr\/#\/schema\/logo\/image\/"},"sameAs":["https:\/\/www.facebook.com\/profile.php?id=61554747731790&mibextid=9R9pXO","https:\/\/www.instagram.com\/trailrunadvisor\/"]}]}},"_links":{"self":[{"href":"https:\/\/trail.wwwarcelona.net\/fr\/wp-json\/wp\/v2\/pages\/5960","targetHints":{"allow":["GET"]}}],"collection":[{"href":"https:\/\/trail.wwwarcelona.net\/fr\/wp-json\/wp\/v2\/pages"}],"about":[{"href":"https:\/\/trail.wwwarcelona.net\/fr\/wp-json\/wp\/v2\/types\/page"}],"author":[{"embeddable":true,"href":"https:\/\/trail.wwwarcelona.net\/fr\/wp-json\/wp\/v2\/users\/1"}],"replies":[{"embeddable":true,"href":"https:\/\/trail.wwwarcelona.net\/fr\/wp-json\/wp\/v2\/comments?post=5960"}],"version-history":[{"count":3,"href":"https:\/\/trail.wwwarcelona.net\/fr\/wp-json\/wp\/v2\/pages\/5960\/revisions"}],"predecessor-version":[{"id":6095,"href":"https:\/\/trail.wwwarcelona.net\/fr\/wp-json\/wp\/v2\/pages\/5960\/revisions\/6095"}],"wp:attachment":[{"href":"https:\/\/trail.wwwarcelona.net\/fr\/wp-json\/wp\/v2\/media?parent=5960"}],"curies":[{"name":"wp","href":"https:\/\/api.w.org\/{rel}","templated":true}]}}