{"id":6044,"date":"2023-12-26T15:53:49","date_gmt":"2023-12-26T14:53:49","guid":{"rendered":"https:\/\/trail.wwwarcelona.net\/nuestra-historia\/"},"modified":"2025-01-14T09:34:57","modified_gmt":"2025-01-14T08:34:57","slug":"nuestra-historia","status":"publish","type":"page","link":"https:\/\/trail.wwwarcelona.net\/es\/nuestra-historia\/","title":{"rendered":"Nuestra Historia"},"content":{"rendered":"\t\t<div data-elementor-type=\"wp-page\" data-elementor-id=\"6044\" class=\"elementor elementor-6044 elementor-6035\" data-elementor-post-type=\"page\">\n\t\t\t\t<div class=\"elementor-element elementor-element-085bc8b e-flex e-con-boxed e-con e-parent\" data-id=\"085bc8b\" data-element_type=\"container\">\n\t\t\t\t\t<div class=\"e-con-inner\">\n\t\t\t\t<div class=\"elementor-element elementor-element-6b4a1f6 elementor-widget elementor-widget-heading\" data-id=\"6b4a1f6\" data-element_type=\"widget\" data-widget_type=\"heading.default\">\n\t\t\t\t<div class=\"elementor-widget-container\">\n\t\t\t\t\t<h1 class=\"elementor-heading-title elementor-size-default\">Nuestra Historia<\/h1>\t\t\t\t<\/div>\n\t\t\t\t<\/div>\n\t\t\t\t<div class=\"elementor-element elementor-element-11d2bfc elementor-widget elementor-widget-text-editor\" data-id=\"11d2bfc\" data-element_type=\"widget\" data-widget_type=\"text-editor.default\">\n\t\t\t\t<div class=\"elementor-widget-container\">\n\t\t\t\t\t\t\t\t\t<p>TrailRunAdvisor naci\u00f3 de una idea sencilla pero poderosa: crear una plataforma integral para los entusiastas del trail que buscan rese\u00f1as y cr\u00edticas de carreras de todo el mundo. Somos un equipo de tres corredores de trail experimentados, basados en Francia, unidos por nuestra pasi\u00f3n compartida por el trail running. Para nosotros, el trail running es m\u00e1s que un deporte: es una forma de vida, una fuente de aventura y una comunidad que apreciamos profundamente.  <\/p>\n<p><br><\/p>\n<p>La inspiraci\u00f3n detr\u00e1s de TrailRunAdvisor surgi\u00f3 de nuestras propias experiencias. Una y otra vez, nos encontr\u00e1bamos inscribi\u00e9ndonos en carreras sin conocer detalles cruciales: \u00bfC\u00f3mo de t\u00e9cnico es el recorrido? \u00bfQu\u00e9 retos debemos esperar? \u00bfC\u00f3mo es la log\u00edstica? Nos dimos cuenta de que disponer de m\u00e1s informaci\u00f3n sobre una carrera de antemano no s\u00f3lo nos beneficiar\u00eda a nosotros, sino a toda la comunidad de trail running.    <o:p><\/o:p><\/p>\n<p><br><\/p>\t\t\t\t\t\t\t\t<\/div>\n\t\t\t\t<\/div>\n\t\t\t\t\t<\/div>\n\t\t\t\t<\/div>\n\t\t<div class=\"elementor-element elementor-element-bab2128 e-flex e-con-boxed e-con e-parent\" data-id=\"bab2128\" data-element_type=\"container\">\n\t\t\t\t\t<div class=\"e-con-inner\">\n\t\t<div class=\"elementor-element elementor-element-446750d e-con-full e-flex e-con e-child\" data-id=\"446750d\" data-element_type=\"container\">\n\t\t\t\t<div class=\"elementor-element elementor-element-ab1a930 elementor-widget elementor-widget-heading\" data-id=\"ab1a930\" data-element_type=\"widget\" data-widget_type=\"heading.default\">\n\t\t\t\t<div class=\"elementor-widget-container\">\n\t\t\t\t\t<h3 class=\"elementor-heading-title elementor-size-default\">Lo Que nos Distingue<\/h3>\t\t\t\t<\/div>\n\t\t\t\t<\/div>\n\t\t\t\t<div class=\"elementor-element elementor-element-26da63b elementor-widget elementor-widget-text-editor\" data-id=\"26da63b\" data-element_type=\"widget\" data-widget_type=\"text-editor.default\">\n\t\t\t\t<div class=\"elementor-widget-container\">\n\t\t\t\t\t\t\t\t\t<ul>\n<li><span style=\"color: #00a97a;\"><strong>Opiniones aut\u00e9nticas:<\/strong><\/span> Nuestras rese\u00f1as est\u00e1n escritas por corredores de trail, para corredores de trail. Creemos en el poder de las experiencias aut\u00e9nticas, y nuestras rese\u00f1as reflejan los verdaderos retos, triunfos y aspectos \u00fanicos de cada carrera.\n<\/li>\n<li><span style=\"color: #00a97a;\"><strong>Perspectiva global:<\/strong><\/span> Tanto si eres un corredor de trail experimentado como un principiante en busca de la carrera perfecta, te tenemos cubierto. Nuestro equipo se extiende por todo el mundo, proporcion\u00e1ndote informaci\u00f3n sobre carreras de trail desde monta\u00f1as nevadas hasta frondosos bosques y mares turquesa, y todo lo que hay entre medias, en todo el mundo.\n<\/li>\n<li><span style=\"color: #00a97a;\"><strong>Informaci\u00f3n exhaustiva:<\/strong><\/span> El objetivo de TrailRunAdvisor es ser tu referencia obligada cuando busques una carrera de trail running. Desde los detalles del recorrido hasta los testimonios de los participantes, proporcionamos informaci\u00f3n exhaustiva para ayudarte a elegir con conocimiento de causa. <\/li>\n<\/ul>\n\t\t\t\t\t\t\t\t<\/div>\n\t\t\t\t<\/div>\n\t\t\t\t<\/div>\n\t\t<div class=\"elementor-element elementor-element-93f85c3 e-con-full e-flex e-con e-child\" data-id=\"93f85c3\" data-element_type=\"container\">\n\t\t\t\t<div class=\"elementor-element elementor-element-7e7f879 elementor-widget elementor-widget-image\" data-id=\"7e7f879\" data-element_type=\"widget\" data-widget_type=\"image.default\">\n\t\t\t\t<div class=\"elementor-widget-container\">\n\t\t\t\t\t\t\t\t\t\t\t\t\t\t\t<img fetchpriority=\"high\" decoding=\"async\" width=\"316\" height=\"230\" src=\"https:\/\/trail.wwwarcelona.net\/wp-content\/uploads\/2023\/12\/trailrunadvisor-default-race.png\" class=\"attachment-full size-full wp-image-210\" alt=\"\" srcset=\"https:\/\/trail.wwwarcelona.net\/wp-content\/uploads\/2023\/12\/trailrunadvisor-default-race.png 316w, https:\/\/trail.wwwarcelona.net\/wp-content\/uploads\/2023\/12\/trailrunadvisor-default-race-300x218.png 300w\" sizes=\"(max-width: 316px) 100vw, 316px\" \/>\t\t\t\t\t\t\t\t\t\t\t\t\t\t\t<\/div>\n\t\t\t\t<\/div>\n\t\t\t\t<\/div>\n\t\t\t\t\t<\/div>\n\t\t\t\t<\/div>\n\t\t<div class=\"elementor-element elementor-element-8c013cd e-flex e-con-boxed e-con e-parent\" data-id=\"8c013cd\" data-element_type=\"container\">\n\t\t\t\t\t<div class=\"e-con-inner\">\n\t\t\t\t<div class=\"elementor-element elementor-element-2871ac7 elementor-widget elementor-widget-heading\" data-id=\"2871ac7\" data-element_type=\"widget\" data-widget_type=\"heading.default\">\n\t\t\t\t<div class=\"elementor-widget-container\">\n\t\t\t\t\t<h3 class=\"elementor-heading-title elementor-size-default\">Nuestra Misi\u00f3n<\/h3>\t\t\t\t<\/div>\n\t\t\t\t<\/div>\n\t\t\t\t<div class=\"elementor-element elementor-element-8e5d825 elementor-widget elementor-widget-text-editor\" data-id=\"8e5d825\" data-element_type=\"widget\" data-widget_type=\"text-editor.default\">\n\t\t\t\t<div class=\"elementor-widget-container\">\n\t\t\t\t\t\t\t\t\t<p>En TrailRunAdvisor, nuestra misi\u00f3n es inspirar, informar y conectar a corredores de trail de todo el mundo. Nuestra ambici\u00f3n es ser la gu\u00eda definitiva para aquellos que buscan experiencias inolvidables de trail, fomentando una comunidad que celebra el esp\u00edritu de aventura y la alegr\u00eda del trail. <\/p>\n\t\t\t\t\t\t\t\t<\/div>\n\t\t\t\t<\/div>\n\t\t\t\t\t<\/div>\n\t\t\t\t<\/div>\n\t\t<div class=\"elementor-element elementor-element-a2a68ae e-flex e-con-boxed e-con e-parent\" data-id=\"a2a68ae\" data-element_type=\"container\">\n\t\t\t\t\t<div class=\"e-con-inner\">\n\t\t\t\t<div class=\"elementor-element elementor-element-ddc7774 elementor-widget elementor-widget-heading\" data-id=\"ddc7774\" data-element_type=\"widget\" data-widget_type=\"heading.default\">\n\t\t\t\t<div class=\"elementor-widget-container\">\n\t\t\t\t\t<h3 class=\"elementor-heading-title elementor-size-default\">\u00danete a Nosotros<\/h3>\t\t\t\t<\/div>\n\t\t\t\t<\/div>\n\t\t\t\t<div class=\"elementor-element elementor-element-4e6b2a6 elementor-widget elementor-widget-text-editor\" data-id=\"4e6b2a6\" data-element_type=\"widget\" data-widget_type=\"text-editor.default\">\n\t\t\t\t<div class=\"elementor-widget-container\">\n\t\t\t\t\t\t\t\t\t<p>Tanto si eres un veterano del trail como si te calzas las zapatillas por primera vez, TrailRunAdvisor te invita a unirte a nosotros en esta aventura. Explora nuestras rese\u00f1as, comparte tus propias historias de trail y forma parte de una comunidad que vive y respira la esencia del trail running. No dudes en ponerte en contacto con nosotros con tus comentarios e ideas: \u00a1siempre ser\u00e1s bienvenido!  <\/p>\n\t\t\t\t\t\t\t\t<\/div>\n\t\t\t\t<\/div>\n\t\t\t\t\t<\/div>\n\t\t\t\t<\/div>\n\t\t<div class=\"elementor-element elementor-element-f2fdaac e-flex e-con-boxed e-con e-parent\" data-id=\"f2fdaac\" data-element_type=\"container\" data-settings=\"{&quot;background_background&quot;:&quot;classic&quot;}\">\n\t\t\t\t\t<div class=\"e-con-inner\">\n\t\t\t\t<div class=\"elementor-element elementor-element-cd25d58 elementor-widget elementor-widget-heading\" data-id=\"cd25d58\" data-element_type=\"widget\" data-widget_type=\"heading.default\">\n\t\t\t\t<div class=\"elementor-widget-container\">\n\t\t\t\t\t<span class=\"elementor-heading-title elementor-size-default\">\u00a1Gracias por ser parte de nuestra familia amante del trail!<\/span>\t\t\t\t<\/div>\n\t\t\t\t<\/div>\n\t\t\t\t\t<\/div>\n\t\t\t\t<\/div>\n\t\t\t\t<\/div>\n\t\t","protected":false},"excerpt":{"rendered":"<p>Nuestra Historia TrailRunAdvisor naci\u00f3 de una idea sencilla pero poderosa: crear una plataforma integral para los entusiastas del trail que buscan rese\u00f1as y cr\u00edticas de carreras de todo el mundo. Somos un equipo de tres corredores de trail experimentados, basados en Francia, unidos por nuestra pasi\u00f3n compartida por el trail running. Para nosotros, el trail [&hellip;]<\/p>\n","protected":false},"author":1,"featured_media":0,"parent":0,"menu_order":0,"comment_status":"closed","ping_status":"closed","template":"","meta":{"_acf_changed":false,"footnotes":""},"class_list":["post-6044","page","type-page","status-publish","hentry"],"acf":[],"yoast_head":"<!-- This site is optimized with the Yoast SEO plugin v24.5 - https:\/\/yoast.com\/wordpress\/plugins\/seo\/ -->\n<title>Nuestra Historia - Trail Run Advisor<\/title>\n<meta name=\"description\" content=\"TrailRunAdvisor naci\u00f3 de una idea sencilla: crear una plataforma para los entusiastas del trail que buscan rese\u00f1as y cr\u00edticas de carreras de todo el mundo.\" \/>\n<meta name=\"robots\" content=\"noindex, follow, max-snippet:-1, max-image-preview:large, max-video-preview:-1\" \/>\n<meta property=\"og:locale\" content=\"es_ES\" \/>\n<meta property=\"og:type\" content=\"article\" \/>\n<meta property=\"og:title\" content=\"Nuestra Historia - Trail Run Advisor\" \/>\n<meta property=\"og:description\" content=\"TrailRunAdvisor naci\u00f3 de una idea sencilla: crear una plataforma para los entusiastas del trail que buscan rese\u00f1as y cr\u00edticas de carreras de todo el mundo.\" \/>\n<meta property=\"og:url\" content=\"https:\/\/trail.wwwarcelona.net\/es\/nuestra-historia\/\" \/>\n<meta property=\"og:site_name\" content=\"Trail Run Advisor\" \/>\n<meta property=\"article:publisher\" content=\"https:\/\/www.facebook.com\/profile.php?id=61554747731790&amp;mibextid=9R9pXO\" \/>\n<meta property=\"article:modified_time\" content=\"2025-01-14T08:34:57+00:00\" \/>\n<meta property=\"og:image\" content=\"https:\/\/trail.wwwarcelona.net\/wp-content\/uploads\/2023\/12\/trailrunadvisor-default-race.png\" \/>\n<meta name=\"twitter:card\" content=\"summary_large_image\" \/>\n<meta name=\"twitter:label1\" content=\"Tiempo de lectura\" \/>\n\t<meta name=\"twitter:data1\" content=\"2 minutos\" \/>\n<script type=\"application\/ld+json\" class=\"yoast-schema-graph\">{\"@context\":\"https:\/\/schema.org\",\"@graph\":[{\"@type\":\"WebPage\",\"@id\":\"https:\/\/trail.wwwarcelona.net\/es\/nuestra-historia\/\",\"url\":\"https:\/\/trail.wwwarcelona.net\/es\/nuestra-historia\/\",\"name\":\"Nuestra Historia - Trail Run Advisor\",\"isPartOf\":{\"@id\":\"https:\/\/trail.wwwarcelona.net\/es\/#website\"},\"primaryImageOfPage\":{\"@id\":\"https:\/\/trail.wwwarcelona.net\/es\/nuestra-historia\/#primaryimage\"},\"image\":{\"@id\":\"https:\/\/trail.wwwarcelona.net\/es\/nuestra-historia\/#primaryimage\"},\"thumbnailUrl\":\"https:\/\/trail.wwwarcelona.net\/wp-content\/uploads\/2023\/12\/trailrunadvisor-default-race.png\",\"datePublished\":\"2023-12-26T14:53:49+00:00\",\"dateModified\":\"2025-01-14T08:34:57+00:00\",\"description\":\"TrailRunAdvisor naci\u00f3 de una idea sencilla: crear una plataforma para los entusiastas del trail que buscan rese\u00f1as y cr\u00edticas de carreras de todo el mundo.\",\"breadcrumb\":{\"@id\":\"https:\/\/trail.wwwarcelona.net\/es\/nuestra-historia\/#breadcrumb\"},\"inLanguage\":\"es\",\"potentialAction\":[{\"@type\":\"ReadAction\",\"target\":[\"https:\/\/trail.wwwarcelona.net\/es\/nuestra-historia\/\"]}]},{\"@type\":\"ImageObject\",\"inLanguage\":\"es\",\"@id\":\"https:\/\/trail.wwwarcelona.net\/es\/nuestra-historia\/#primaryimage\",\"url\":\"https:\/\/trail.wwwarcelona.net\/wp-content\/uploads\/2023\/12\/trailrunadvisor-default-race.png\",\"contentUrl\":\"https:\/\/trail.wwwarcelona.net\/wp-content\/uploads\/2023\/12\/trailrunadvisor-default-race.png\"},{\"@type\":\"BreadcrumbList\",\"@id\":\"https:\/\/trail.wwwarcelona.net\/es\/nuestra-historia\/#breadcrumb\",\"itemListElement\":[{\"@type\":\"ListItem\",\"position\":1,\"name\":\"Home\",\"item\":\"https:\/\/trail.wwwarcelona.net\/es\/\"},{\"@type\":\"ListItem\",\"position\":2,\"name\":\"Nuestra Historia\"}]},{\"@type\":\"WebSite\",\"@id\":\"https:\/\/trail.wwwarcelona.net\/es\/#website\",\"url\":\"https:\/\/trail.wwwarcelona.net\/es\/\",\"name\":\"Trail Run Advisor\",\"description\":\"\",\"publisher\":{\"@id\":\"https:\/\/trail.wwwarcelona.net\/es\/#organization\"},\"potentialAction\":[{\"@type\":\"SearchAction\",\"target\":{\"@type\":\"EntryPoint\",\"urlTemplate\":\"https:\/\/trail.wwwarcelona.net\/es\/?s={search_term_string}\"},\"query-input\":{\"@type\":\"PropertyValueSpecification\",\"valueRequired\":true,\"valueName\":\"search_term_string\"}}],\"inLanguage\":\"es\"},{\"@type\":\"Organization\",\"@id\":\"https:\/\/trail.wwwarcelona.net\/es\/#organization\",\"name\":\"Trail Run Advisor\",\"url\":\"https:\/\/trail.wwwarcelona.net\/es\/\",\"logo\":{\"@type\":\"ImageObject\",\"inLanguage\":\"es\",\"@id\":\"https:\/\/trail.wwwarcelona.net\/es\/#\/schema\/logo\/image\/\",\"url\":\"https:\/\/trail.wwwarcelona.net\/wp-content\/uploads\/2023\/12\/logo-trailrunadvisor.png\",\"contentUrl\":\"https:\/\/trail.wwwarcelona.net\/wp-content\/uploads\/2023\/12\/logo-trailrunadvisor.png\",\"width\":613,\"height\":80,\"caption\":\"Trail Run Advisor\"},\"image\":{\"@id\":\"https:\/\/trail.wwwarcelona.net\/es\/#\/schema\/logo\/image\/\"},\"sameAs\":[\"https:\/\/www.facebook.com\/profile.php?id=61554747731790&mibextid=9R9pXO\",\"https:\/\/www.instagram.com\/trailrunadvisor\/\"]}]}<\/script>\n<!-- \/ Yoast SEO plugin. -->","yoast_head_json":{"title":"Nuestra Historia - Trail Run Advisor","description":"TrailRunAdvisor naci\u00f3 de una idea sencilla: crear una plataforma para los entusiastas del trail que buscan rese\u00f1as y cr\u00edticas de carreras de todo el mundo.","robots":{"index":"noindex","follow":"follow","max-snippet":"max-snippet:-1","max-image-preview":"max-image-preview:large","max-video-preview":"max-video-preview:-1"},"og_locale":"es_ES","og_type":"article","og_title":"Nuestra Historia - Trail Run Advisor","og_description":"TrailRunAdvisor naci\u00f3 de una idea sencilla: crear una plataforma para los entusiastas del trail que buscan rese\u00f1as y cr\u00edticas de carreras de todo el mundo.","og_url":"https:\/\/trail.wwwarcelona.net\/es\/nuestra-historia\/","og_site_name":"Trail Run Advisor","article_publisher":"https:\/\/www.facebook.com\/profile.php?id=61554747731790&mibextid=9R9pXO","article_modified_time":"2025-01-14T08:34:57+00:00","og_image":[{"url":"https:\/\/trail.wwwarcelona.net\/wp-content\/uploads\/2023\/12\/trailrunadvisor-default-race.png","type":"","width":"","height":""}],"twitter_card":"summary_large_image","twitter_misc":{"Tiempo de lectura":"2 minutos"},"schema":{"@context":"https:\/\/schema.org","@graph":[{"@type":"WebPage","@id":"https:\/\/trail.wwwarcelona.net\/es\/nuestra-historia\/","url":"https:\/\/trail.wwwarcelona.net\/es\/nuestra-historia\/","name":"Nuestra Historia - Trail Run Advisor","isPartOf":{"@id":"https:\/\/trail.wwwarcelona.net\/es\/#website"},"primaryImageOfPage":{"@id":"https:\/\/trail.wwwarcelona.net\/es\/nuestra-historia\/#primaryimage"},"image":{"@id":"https:\/\/trail.wwwarcelona.net\/es\/nuestra-historia\/#primaryimage"},"thumbnailUrl":"https:\/\/trail.wwwarcelona.net\/wp-content\/uploads\/2023\/12\/trailrunadvisor-default-race.png","datePublished":"2023-12-26T14:53:49+00:00","dateModified":"2025-01-14T08:34:57+00:00","description":"TrailRunAdvisor naci\u00f3 de una idea sencilla: crear una plataforma para los entusiastas del trail que buscan rese\u00f1as y cr\u00edticas de carreras de todo el mundo.","breadcrumb":{"@id":"https:\/\/trail.wwwarcelona.net\/es\/nuestra-historia\/#breadcrumb"},"inLanguage":"es","potentialAction":[{"@type":"ReadAction","target":["https:\/\/trail.wwwarcelona.net\/es\/nuestra-historia\/"]}]},{"@type":"ImageObject","inLanguage":"es","@id":"https:\/\/trail.wwwarcelona.net\/es\/nuestra-historia\/#primaryimage","url":"https:\/\/trail.wwwarcelona.net\/wp-content\/uploads\/2023\/12\/trailrunadvisor-default-race.png","contentUrl":"https:\/\/trail.wwwarcelona.net\/wp-content\/uploads\/2023\/12\/trailrunadvisor-default-race.png"},{"@type":"BreadcrumbList","@id":"https:\/\/trail.wwwarcelona.net\/es\/nuestra-historia\/#breadcrumb","itemListElement":[{"@type":"ListItem","position":1,"name":"Home","item":"https:\/\/trail.wwwarcelona.net\/es\/"},{"@type":"ListItem","position":2,"name":"Nuestra Historia"}]},{"@type":"WebSite","@id":"https:\/\/trail.wwwarcelona.net\/es\/#website","url":"https:\/\/trail.wwwarcelona.net\/es\/","name":"Trail Run Advisor","description":"","publisher":{"@id":"https:\/\/trail.wwwarcelona.net\/es\/#organization"},"potentialAction":[{"@type":"SearchAction","target":{"@type":"EntryPoint","urlTemplate":"https:\/\/trail.wwwarcelona.net\/es\/?s={search_term_string}"},"query-input":{"@type":"PropertyValueSpecification","valueRequired":true,"valueName":"search_term_string"}}],"inLanguage":"es"},{"@type":"Organization","@id":"https:\/\/trail.wwwarcelona.net\/es\/#organization","name":"Trail Run Advisor","url":"https:\/\/trail.wwwarcelona.net\/es\/","logo":{"@type":"ImageObject","inLanguage":"es","@id":"https:\/\/trail.wwwarcelona.net\/es\/#\/schema\/logo\/image\/","url":"https:\/\/trail.wwwarcelona.net\/wp-content\/uploads\/2023\/12\/logo-trailrunadvisor.png","contentUrl":"https:\/\/trail.wwwarcelona.net\/wp-content\/uploads\/2023\/12\/logo-trailrunadvisor.png","width":613,"height":80,"caption":"Trail Run Advisor"},"image":{"@id":"https:\/\/trail.wwwarcelona.net\/es\/#\/schema\/logo\/image\/"},"sameAs":["https:\/\/www.facebook.com\/profile.php?id=61554747731790&mibextid=9R9pXO","https:\/\/www.instagram.com\/trailrunadvisor\/"]}]}},"_links":{"self":[{"href":"https:\/\/trail.wwwarcelona.net\/es\/wp-json\/wp\/v2\/pages\/6044","targetHints":{"allow":["GET"]}}],"collection":[{"href":"https:\/\/trail.wwwarcelona.net\/es\/wp-json\/wp\/v2\/pages"}],"about":[{"href":"https:\/\/trail.wwwarcelona.net\/es\/wp-json\/wp\/v2\/types\/page"}],"author":[{"embeddable":true,"href":"https:\/\/trail.wwwarcelona.net\/es\/wp-json\/wp\/v2\/users\/1"}],"replies":[{"embeddable":true,"href":"https:\/\/trail.wwwarcelona.net\/es\/wp-json\/wp\/v2\/comments?post=6044"}],"version-history":[{"count":4,"href":"https:\/\/trail.wwwarcelona.net\/es\/wp-json\/wp\/v2\/pages\/6044\/revisions"}],"predecessor-version":[{"id":8979,"href":"https:\/\/trail.wwwarcelona.net\/es\/wp-json\/wp\/v2\/pages\/6044\/revisions\/8979"}],"wp:attachment":[{"href":"https:\/\/trail.wwwarcelona.net\/es\/wp-json\/wp\/v2\/media?parent=6044"}],"curies":[{"name":"wp","href":"https:\/\/api.w.org\/{rel}","templated":true}]}}