{"id":5962,"date":"2023-12-21T16:32:35","date_gmt":"2023-12-21T15:32:35","guid":{"rendered":"https:\/\/trail.wwwarcelona.net\/informacion-juridica\/"},"modified":"2023-12-22T09:37:24","modified_gmt":"2023-12-22T08:37:24","slug":"informacion-juridica","status":"publish","type":"page","link":"https:\/\/trail.wwwarcelona.net\/es\/informacion-juridica\/","title":{"rendered":"Informaci\u00f3n jur\u00eddica"},"content":{"rendered":"\t\t<div data-elementor-type=\"wp-page\" data-elementor-id=\"5962\" class=\"elementor elementor-5962 elementor-5912\" data-elementor-post-type=\"page\">\n\t\t\t\t<div class=\"elementor-element elementor-element-8fe8f1e e-flex e-con-boxed e-con e-parent\" data-id=\"8fe8f1e\" data-element_type=\"container\">\n\t\t\t\t\t<div class=\"e-con-inner\">\n\t\t\t\t<div class=\"elementor-element elementor-element-67c0047 elementor-widget elementor-widget-heading\" data-id=\"67c0047\" data-element_type=\"widget\" data-widget_type=\"heading.default\">\n\t\t\t\t<div class=\"elementor-widget-container\">\n\t\t\t\t\t<h3 class=\"elementor-heading-title elementor-size-default\">Producci\u00f3n t\u00e9cnica<\/h3>\t\t\t\t<\/div>\n\t\t\t\t<\/div>\n\t\t\t\t<div class=\"elementor-element elementor-element-66e9803 elementor-widget elementor-widget-text-editor\" data-id=\"66e9803\" data-element_type=\"widget\" data-widget_type=\"text-editor.default\">\n\t\t\t\t<div class=\"elementor-widget-container\">\n\t\t\t\t\t\t\t\t\t<p>COQPIT<\/p>\n<p>5 rue Valentin Hauy,<\/p>\n<p>63000 Clermont-Ferrand<\/p>\n<p>Tel\u00e9fono : 04 73 38 67 25<\/p>\n<p>P\u00e1gina web : <a href=\"https:\/\/www.coqpit.fr\/\">www.coqpit.fr<\/a><\/p>\n\t\t\t\t\t\t\t\t<\/div>\n\t\t\t\t<\/div>\n\t\t\t\t\t<\/div>\n\t\t\t\t<\/div>\n\t\t<div class=\"elementor-element elementor-element-4d7d013 e-flex e-con-boxed e-con e-parent\" data-id=\"4d7d013\" data-element_type=\"container\">\n\t\t\t\t\t<div class=\"e-con-inner\">\n\t\t\t\t<div class=\"elementor-element elementor-element-c5a19a7 elementor-widget elementor-widget-heading\" data-id=\"c5a19a7\" data-element_type=\"widget\" data-widget_type=\"heading.default\">\n\t\t\t\t<div class=\"elementor-widget-container\">\n\t\t\t\t\t<h3 class=\"elementor-heading-title elementor-size-default\">Alojamiento web<\/h3>\t\t\t\t<\/div>\n\t\t\t\t<\/div>\n\t\t\t\t<div class=\"elementor-element elementor-element-4b06258 elementor-widget elementor-widget-text-editor\" data-id=\"4b06258\" data-element_type=\"widget\" data-widget_type=\"text-editor.default\">\n\t\t\t\t<div class=\"elementor-widget-container\">\n\t\t\t\t\t\t\t\t\t<p>SCALEWAY SAS<\/p>\n<p>75366 PARIS CEDEX 08<\/p>\n<p>FRANCE<\/p>\n\t\t\t\t\t\t\t\t<\/div>\n\t\t\t\t<\/div>\n\t\t\t\t\t<\/div>\n\t\t\t\t<\/div>\n\t\t<div class=\"elementor-element elementor-element-e3c26ce e-flex e-con-boxed e-con e-parent\" data-id=\"e3c26ce\" data-element_type=\"container\">\n\t\t\t\t\t<div class=\"e-con-inner\">\n\t\t\t\t<div class=\"elementor-element elementor-element-b62b511 elementor-widget elementor-widget-heading\" data-id=\"b62b511\" data-element_type=\"widget\" data-widget_type=\"heading.default\">\n\t\t\t\t<div class=\"elementor-widget-container\">\n\t\t\t\t\t<h3 class=\"elementor-heading-title elementor-size-default\">Tratamiento de datos personales<\/h3>\t\t\t\t<\/div>\n\t\t\t\t<\/div>\n\t\t\t\t<div class=\"elementor-element elementor-element-c414152 elementor-widget elementor-widget-text-editor\" data-id=\"c414152\" data-element_type=\"widget\" data-widget_type=\"text-editor.default\">\n\t\t\t\t<div class=\"elementor-widget-container\">\n\t\t\t\t\t\t\t\t\t<p>El sitio web no almacena datos personales. Todos los datos enviados a trav\u00e9s de los formularios se transmiten a las distintas organizaciones que se comprometen a respetar los datos personales y a procesar su solicitud. De acuerdo con la planificaci\u00f3n del reglamento europeo sobre datos personales, puede realizar una petici\u00f3n a trav\u00e9s del formulario de contacto para solicitar la supresi\u00f3n de sus datos personales.  <\/p>\n\t\t\t\t\t\t\t\t<\/div>\n\t\t\t\t<\/div>\n\t\t\t\t\t<\/div>\n\t\t\t\t<\/div>\n\t\t<div class=\"elementor-element elementor-element-4805b76 e-flex e-con-boxed e-con e-parent\" data-id=\"4805b76\" data-element_type=\"container\">\n\t\t\t\t\t<div class=\"e-con-inner\">\n\t\t\t\t<div class=\"elementor-element elementor-element-2affd2b elementor-widget elementor-widget-heading\" data-id=\"2affd2b\" data-element_type=\"widget\" data-widget_type=\"heading.default\">\n\t\t\t\t<div class=\"elementor-widget-container\">\n\t\t\t\t\t<h3 class=\"elementor-heading-title elementor-size-default\">Derechos de autor<\/h3>\t\t\t\t<\/div>\n\t\t\t\t<\/div>\n\t\t\t\t<div class=\"elementor-element elementor-element-93a085e elementor-widget elementor-widget-text-editor\" data-id=\"93a085e\" data-element_type=\"widget\" data-widget_type=\"text-editor.default\">\n\t\t\t\t<div class=\"elementor-widget-container\">\n\t\t\t\t\t\t\t\t\t<p>Todas las marcas, fotograf\u00edas, textos, comentarios, ilustraciones, im\u00e1genes animadas o no, secuencias de v\u00eddeo, sonidos, as\u00ed como todas las aplicaciones inform\u00e1ticas que puedan utilizarse para el funcionamiento de este sitio y, de forma m\u00e1s general, todos los elementos reproducidos o utilizados en el sitio est\u00e1n protegidos por la legislaci\u00f3n vigente en materia de propiedad intelectual. Son propiedad plena y completa del editor o de sus socios. La reproducci\u00f3n total o parcial de este sitio en soporte papel o electr\u00f3nico s\u00f3lo est\u00e1 autorizada para uso personal y privado, de conformidad con las disposiciones del C\u00f3digo de la Propiedad Intelectual.  <\/p>\n<p>Estas reproducciones deber\u00e1n mencionar de forma clara y legible la fuente y el autor del sitio. Estas reproducciones no podr\u00e1n en ning\u00fan caso perjudicar a los autores. Las fotograf\u00edas, textos, logotipos, pictogramas y todas las obras intelectuales de este sitio son propiedad de Trail Run Advisor o de terceros que han autorizado su uso. Env\u00ede su solicitud a trav\u00e9s del formulario de contacto para que se le autorice a utilizar el contenido del sitio web.   <\/p>\n\t\t\t\t\t\t\t\t<\/div>\n\t\t\t\t<\/div>\n\t\t\t\t\t<\/div>\n\t\t\t\t<\/div>\n\t\t<div class=\"elementor-element elementor-element-3c948a5 e-flex e-con-boxed e-con e-parent\" data-id=\"3c948a5\" data-element_type=\"container\">\n\t\t\t\t\t<div class=\"e-con-inner\">\n\t\t\t\t<div class=\"elementor-element elementor-element-91eb845 elementor-widget elementor-widget-heading\" data-id=\"91eb845\" data-element_type=\"widget\" data-widget_type=\"heading.default\">\n\t\t\t\t<div class=\"elementor-widget-container\">\n\t\t\t\t\t<h3 class=\"elementor-heading-title elementor-size-default\">Enlaces a sitios web de terceros<\/h3>\t\t\t\t<\/div>\n\t\t\t\t<\/div>\n\t\t\t\t<div class=\"elementor-element elementor-element-4de5d9c elementor-widget elementor-widget-text-editor\" data-id=\"4de5d9c\" data-element_type=\"widget\" data-widget_type=\"text-editor.default\">\n\t\t\t\t<div class=\"elementor-widget-container\">\n\t\t\t\t\t\t\t\t\t<p>En el sitio web de Trail Run Advisor pueden aparecer hiperv\u00ednculos que conduzcan a otros servicios o sitios web, incluidos los socios de Trail Run Advisor. Dado que Trail Run Advisor no puede controlar el contenido de dichos servicios o sitios web, el usuario reconoce que Trail Run Advisor no puede ser considerado responsable de los productos, servicios, informaci\u00f3n disponible en y\/o desde dichos servicios o sitios web. Cualquier informaci\u00f3n accesible a trav\u00e9s de un enlace a otros sitios no est\u00e1 bajo el control de Trail Run Advisor, que declina cualquier responsabilidad sobre su contenido. Trail Run Advisor es libre de modificar la lista de sus socios en cualquier momento.   <\/p>\n\t\t\t\t\t\t\t\t<\/div>\n\t\t\t\t<\/div>\n\t\t\t\t\t<\/div>\n\t\t\t\t<\/div>\n\t\t<div class=\"elementor-element elementor-element-ac240a4 e-flex e-con-boxed e-con e-parent\" data-id=\"ac240a4\" data-element_type=\"container\">\n\t\t\t\t\t<div class=\"e-con-inner\">\n\t\t\t\t<div class=\"elementor-element elementor-element-ed09250 elementor-widget elementor-widget-heading\" data-id=\"ed09250\" data-element_type=\"widget\" data-widget_type=\"heading.default\">\n\t\t\t\t<div class=\"elementor-widget-container\">\n\t\t\t\t\t<h3 class=\"elementor-heading-title elementor-size-default\">Responsabilidad<\/h3>\t\t\t\t<\/div>\n\t\t\t\t<\/div>\n\t\t\t\t<div class=\"elementor-element elementor-element-7cea9c7 elementor-widget elementor-widget-text-editor\" data-id=\"7cea9c7\" data-element_type=\"widget\" data-widget_type=\"text-editor.default\">\n\t\t\t\t<div class=\"elementor-widget-container\">\n\t\t\t\t\t\t\t\t\t<p>Trail Run Advisor no podr\u00e1 ser considerado responsable de los da\u00f1os directos o indirectos resultantes de una interrupci\u00f3n, de un mal funcionamiento de cualquier tipo, de una suspensi\u00f3n del acceso a estos hiperv\u00ednculos -sea cual fuere el motivo- o de cualquier da\u00f1o directo o indirecto que pudiera resultar, de cualquier modo, de la conexi\u00f3n a los mismos.<\/p>\n<p>Trail Run Advisor se esfuerza por garantizar, en la medida de sus posibilidades, la exactitud y correcci\u00f3n de la informaci\u00f3n disponible en este sitio. Sin embargo, esto no excluye la presencia de errores tipogr\u00e1ficos u otras inexactitudes. Cualquier error o informaci\u00f3n incorrecta encontrada en el sitio s\u00f3lo puede ser accidental. Trail Run Advisor se reserva el derecho a modificar estos errores en cualquier momento y sin previo aviso.   <\/p>\n\t\t\t\t\t\t\t\t<\/div>\n\t\t\t\t<\/div>\n\t\t\t\t\t<\/div>\n\t\t\t\t<\/div>\n\t\t<div class=\"elementor-element elementor-element-e056e51 e-flex e-con-boxed e-con e-parent\" data-id=\"e056e51\" data-element_type=\"container\">\n\t\t\t\t\t<div class=\"e-con-inner\">\n\t\t\t\t<div class=\"elementor-element elementor-element-2196c9a elementor-widget elementor-widget-heading\" data-id=\"2196c9a\" data-element_type=\"widget\" data-widget_type=\"heading.default\">\n\t\t\t\t<div class=\"elementor-widget-container\">\n\t\t\t\t\t<h3 class=\"elementor-heading-title elementor-size-default\">Establecimiento de enlaces entrantes<\/h3>\t\t\t\t<\/div>\n\t\t\t\t<\/div>\n\t\t\t\t<div class=\"elementor-element elementor-element-fc4f1a7 elementor-widget elementor-widget-text-editor\" data-id=\"fc4f1a7\" data-element_type=\"widget\" data-widget_type=\"text-editor.default\">\n\t\t\t\t<div class=\"elementor-widget-container\">\n\t\t\t\t\t\t\t\t\t<p>Trail Run Advisor autoriza el establecimiento de un enlace de hipertexto para todos los sitios, con exclusi\u00f3n de aquellos que difundan informaci\u00f3n de car\u00e1cter pol\u00e9mico, pornogr\u00e1fico, xen\u00f3fobo o que pueda herir la sensibilidad de la mayor\u00eda. Salvo autorizaci\u00f3n expresa, el enlace debe aparecer en una nueva ventana y las p\u00e1ginas de este sitio web no deben integrarse en las p\u00e1ginas de otro sitio. <\/p>\n\t\t\t\t\t\t\t\t<\/div>\n\t\t\t\t<\/div>\n\t\t\t\t\t<\/div>\n\t\t\t\t<\/div>\n\t\t\t\t<\/div>\n\t\t","protected":false},"excerpt":{"rendered":"<p>Producci\u00f3n t\u00e9cnica COQPIT 5 rue Valentin Hauy, 63000 Clermont-Ferrand Tel\u00e9fono : 04 73 38 67 25 P\u00e1gina web : www.coqpit.fr Alojamiento web SCALEWAY SAS 75366 PARIS CEDEX 08 FRANCE Tratamiento de datos personales El sitio web no almacena datos personales. Todos los datos enviados a trav\u00e9s de los formularios se transmiten a las distintas organizaciones [&hellip;]<\/p>\n","protected":false},"author":1,"featured_media":0,"parent":0,"menu_order":0,"comment_status":"closed","ping_status":"closed","template":"","meta":{"_acf_changed":false,"footnotes":""},"class_list":["post-5962","page","type-page","status-publish","hentry"],"acf":[],"yoast_head":"<!-- This site is optimized with the Yoast SEO plugin v24.5 - https:\/\/yoast.com\/wordpress\/plugins\/seo\/ -->\n<title>Informaci\u00f3n jur\u00eddica - Trail Run Advisor<\/title>\n<meta name=\"robots\" content=\"noindex, follow, max-snippet:-1, max-image-preview:large, max-video-preview:-1\" \/>\n<meta property=\"og:locale\" content=\"es_ES\" \/>\n<meta property=\"og:type\" content=\"article\" \/>\n<meta property=\"og:title\" content=\"Informaci\u00f3n jur\u00eddica - Trail Run Advisor\" \/>\n<meta property=\"og:description\" content=\"Producci\u00f3n t\u00e9cnica COQPIT 5 rue Valentin Hauy, 63000 Clermont-Ferrand Tel\u00e9fono : 04 73 38 67 25 P\u00e1gina web : www.coqpit.fr Alojamiento web SCALEWAY SAS 75366 PARIS CEDEX 08 FRANCE Tratamiento de datos personales El sitio web no almacena datos personales. Todos los datos enviados a trav\u00e9s de los formularios se transmiten a las distintas organizaciones [&hellip;]\" \/>\n<meta property=\"og:url\" content=\"https:\/\/trail.wwwarcelona.net\/es\/informacion-juridica\/\" \/>\n<meta property=\"og:site_name\" content=\"Trail Run Advisor\" \/>\n<meta property=\"article:publisher\" content=\"https:\/\/www.facebook.com\/profile.php?id=61554747731790&amp;mibextid=9R9pXO\" \/>\n<meta property=\"article:modified_time\" content=\"2023-12-22T08:37:24+00:00\" \/>\n<meta property=\"og:image\" content=\"https:\/\/trail.wwwarcelona.net\/wp-content\/uploads\/2023\/12\/logo-trailrunadvisor.png\" \/>\n\t<meta property=\"og:image:width\" content=\"613\" \/>\n\t<meta property=\"og:image:height\" content=\"80\" \/>\n\t<meta property=\"og:image:type\" content=\"image\/png\" \/>\n<meta name=\"twitter:card\" content=\"summary_large_image\" \/>\n<meta name=\"twitter:label1\" content=\"Tiempo de lectura\" \/>\n\t<meta name=\"twitter:data1\" content=\"3 minutos\" \/>\n<script type=\"application\/ld+json\" class=\"yoast-schema-graph\">{\"@context\":\"https:\/\/schema.org\",\"@graph\":[{\"@type\":\"WebPage\",\"@id\":\"https:\/\/trail.wwwarcelona.net\/es\/informacion-juridica\/\",\"url\":\"https:\/\/trail.wwwarcelona.net\/es\/informacion-juridica\/\",\"name\":\"Informaci\u00f3n jur\u00eddica - Trail Run Advisor\",\"isPartOf\":{\"@id\":\"https:\/\/trail.wwwarcelona.net\/es\/#website\"},\"datePublished\":\"2023-12-21T15:32:35+00:00\",\"dateModified\":\"2023-12-22T08:37:24+00:00\",\"breadcrumb\":{\"@id\":\"https:\/\/trail.wwwarcelona.net\/es\/informacion-juridica\/#breadcrumb\"},\"inLanguage\":\"es\",\"potentialAction\":[{\"@type\":\"ReadAction\",\"target\":[\"https:\/\/trail.wwwarcelona.net\/es\/informacion-juridica\/\"]}]},{\"@type\":\"BreadcrumbList\",\"@id\":\"https:\/\/trail.wwwarcelona.net\/es\/informacion-juridica\/#breadcrumb\",\"itemListElement\":[{\"@type\":\"ListItem\",\"position\":1,\"name\":\"Home\",\"item\":\"https:\/\/trail.wwwarcelona.net\/es\/\"},{\"@type\":\"ListItem\",\"position\":2,\"name\":\"Informaci\u00f3n jur\u00eddica\"}]},{\"@type\":\"WebSite\",\"@id\":\"https:\/\/trail.wwwarcelona.net\/es\/#website\",\"url\":\"https:\/\/trail.wwwarcelona.net\/es\/\",\"name\":\"Trail Run Advisor\",\"description\":\"\",\"publisher\":{\"@id\":\"https:\/\/trail.wwwarcelona.net\/es\/#organization\"},\"potentialAction\":[{\"@type\":\"SearchAction\",\"target\":{\"@type\":\"EntryPoint\",\"urlTemplate\":\"https:\/\/trail.wwwarcelona.net\/es\/?s={search_term_string}\"},\"query-input\":{\"@type\":\"PropertyValueSpecification\",\"valueRequired\":true,\"valueName\":\"search_term_string\"}}],\"inLanguage\":\"es\"},{\"@type\":\"Organization\",\"@id\":\"https:\/\/trail.wwwarcelona.net\/es\/#organization\",\"name\":\"Trail Run Advisor\",\"url\":\"https:\/\/trail.wwwarcelona.net\/es\/\",\"logo\":{\"@type\":\"ImageObject\",\"inLanguage\":\"es\",\"@id\":\"https:\/\/trail.wwwarcelona.net\/es\/#\/schema\/logo\/image\/\",\"url\":\"https:\/\/trail.wwwarcelona.net\/wp-content\/uploads\/2023\/12\/logo-trailrunadvisor.png\",\"contentUrl\":\"https:\/\/trail.wwwarcelona.net\/wp-content\/uploads\/2023\/12\/logo-trailrunadvisor.png\",\"width\":613,\"height\":80,\"caption\":\"Trail Run Advisor\"},\"image\":{\"@id\":\"https:\/\/trail.wwwarcelona.net\/es\/#\/schema\/logo\/image\/\"},\"sameAs\":[\"https:\/\/www.facebook.com\/profile.php?id=61554747731790&mibextid=9R9pXO\",\"https:\/\/www.instagram.com\/trailrunadvisor\/\"]}]}<\/script>\n<!-- \/ Yoast SEO plugin. -->","yoast_head_json":{"title":"Informaci\u00f3n jur\u00eddica - Trail Run Advisor","robots":{"index":"noindex","follow":"follow","max-snippet":"max-snippet:-1","max-image-preview":"max-image-preview:large","max-video-preview":"max-video-preview:-1"},"og_locale":"es_ES","og_type":"article","og_title":"Informaci\u00f3n jur\u00eddica - Trail Run Advisor","og_description":"Producci\u00f3n t\u00e9cnica COQPIT 5 rue Valentin Hauy, 63000 Clermont-Ferrand Tel\u00e9fono : 04 73 38 67 25 P\u00e1gina web : www.coqpit.fr Alojamiento web SCALEWAY SAS 75366 PARIS CEDEX 08 FRANCE Tratamiento de datos personales El sitio web no almacena datos personales. Todos los datos enviados a trav\u00e9s de los formularios se transmiten a las distintas organizaciones [&hellip;]","og_url":"https:\/\/trail.wwwarcelona.net\/es\/informacion-juridica\/","og_site_name":"Trail Run Advisor","article_publisher":"https:\/\/www.facebook.com\/profile.php?id=61554747731790&mibextid=9R9pXO","article_modified_time":"2023-12-22T08:37:24+00:00","og_image":[{"width":613,"height":80,"url":"https:\/\/trail.wwwarcelona.net\/wp-content\/uploads\/2023\/12\/logo-trailrunadvisor.png","type":"image\/png"}],"twitter_card":"summary_large_image","twitter_misc":{"Tiempo de lectura":"3 minutos"},"schema":{"@context":"https:\/\/schema.org","@graph":[{"@type":"WebPage","@id":"https:\/\/trail.wwwarcelona.net\/es\/informacion-juridica\/","url":"https:\/\/trail.wwwarcelona.net\/es\/informacion-juridica\/","name":"Informaci\u00f3n jur\u00eddica - Trail Run Advisor","isPartOf":{"@id":"https:\/\/trail.wwwarcelona.net\/es\/#website"},"datePublished":"2023-12-21T15:32:35+00:00","dateModified":"2023-12-22T08:37:24+00:00","breadcrumb":{"@id":"https:\/\/trail.wwwarcelona.net\/es\/informacion-juridica\/#breadcrumb"},"inLanguage":"es","potentialAction":[{"@type":"ReadAction","target":["https:\/\/trail.wwwarcelona.net\/es\/informacion-juridica\/"]}]},{"@type":"BreadcrumbList","@id":"https:\/\/trail.wwwarcelona.net\/es\/informacion-juridica\/#breadcrumb","itemListElement":[{"@type":"ListItem","position":1,"name":"Home","item":"https:\/\/trail.wwwarcelona.net\/es\/"},{"@type":"ListItem","position":2,"name":"Informaci\u00f3n jur\u00eddica"}]},{"@type":"WebSite","@id":"https:\/\/trail.wwwarcelona.net\/es\/#website","url":"https:\/\/trail.wwwarcelona.net\/es\/","name":"Trail Run Advisor","description":"","publisher":{"@id":"https:\/\/trail.wwwarcelona.net\/es\/#organization"},"potentialAction":[{"@type":"SearchAction","target":{"@type":"EntryPoint","urlTemplate":"https:\/\/trail.wwwarcelona.net\/es\/?s={search_term_string}"},"query-input":{"@type":"PropertyValueSpecification","valueRequired":true,"valueName":"search_term_string"}}],"inLanguage":"es"},{"@type":"Organization","@id":"https:\/\/trail.wwwarcelona.net\/es\/#organization","name":"Trail Run Advisor","url":"https:\/\/trail.wwwarcelona.net\/es\/","logo":{"@type":"ImageObject","inLanguage":"es","@id":"https:\/\/trail.wwwarcelona.net\/es\/#\/schema\/logo\/image\/","url":"https:\/\/trail.wwwarcelona.net\/wp-content\/uploads\/2023\/12\/logo-trailrunadvisor.png","contentUrl":"https:\/\/trail.wwwarcelona.net\/wp-content\/uploads\/2023\/12\/logo-trailrunadvisor.png","width":613,"height":80,"caption":"Trail Run Advisor"},"image":{"@id":"https:\/\/trail.wwwarcelona.net\/es\/#\/schema\/logo\/image\/"},"sameAs":["https:\/\/www.facebook.com\/profile.php?id=61554747731790&mibextid=9R9pXO","https:\/\/www.instagram.com\/trailrunadvisor\/"]}]}},"_links":{"self":[{"href":"https:\/\/trail.wwwarcelona.net\/es\/wp-json\/wp\/v2\/pages\/5962","targetHints":{"allow":["GET"]}}],"collection":[{"href":"https:\/\/trail.wwwarcelona.net\/es\/wp-json\/wp\/v2\/pages"}],"about":[{"href":"https:\/\/trail.wwwarcelona.net\/es\/wp-json\/wp\/v2\/types\/page"}],"author":[{"embeddable":true,"href":"https:\/\/trail.wwwarcelona.net\/es\/wp-json\/wp\/v2\/users\/1"}],"replies":[{"embeddable":true,"href":"https:\/\/trail.wwwarcelona.net\/es\/wp-json\/wp\/v2\/comments?post=5962"}],"version-history":[{"count":1,"href":"https:\/\/trail.wwwarcelona.net\/es\/wp-json\/wp\/v2\/pages\/5962\/revisions"}],"predecessor-version":[{"id":5963,"href":"https:\/\/trail.wwwarcelona.net\/es\/wp-json\/wp\/v2\/pages\/5962\/revisions\/5963"}],"wp:attachment":[{"href":"https:\/\/trail.wwwarcelona.net\/es\/wp-json\/wp\/v2\/media?parent=5962"}],"curies":[{"name":"wp","href":"https:\/\/api.w.org\/{rel}","templated":true}]}}